{"id":16361,"date":"2025-08-06T11:50:17","date_gmt":"2025-08-06T09:50:17","guid":{"rendered":"https:\/\/www.museudetitelles.com\/?post_type=product&#038;p=16361"},"modified":"2025-09-04T09:57:17","modified_gmt":"2025-09-04T07:57:17","slug":"bocagrossa-bruixa","status":"publish","type":"product","link":"https:\/\/www.museudetitelles.com\/fr\/producto\/bocagrossa-bruixa\/","title":{"rendered":"&quot;Sorci\u00e8re&quot; Bouch\u00e9e"},"content":{"rendered":"","protected":false},"excerpt":{"rendered":"<p>Marionnette \u00e0 grande bouche fabriqu\u00e9e \u00e0 la main, avec un corps bleu clair, une grande bouche orange et un col en fourrure bleue. Elle porte un chapeau de sorci\u00e8re rouge orn\u00e9 de d\u00e9tails d\u00e9coratifs. Parfaite pour jouer des histoires magiques et divertir les enfants gr\u00e2ce \u00e0 son design expressif.<\/p>","protected":false},"featured_media":16362,"template":"","meta":[],"product_brand":[],"product_cat":[23],"product_tag":[],"class_list":{"0":"post-16361","1":"product","2":"type-product","3":"status-publish","4":"has-post-thumbnail","6":"product_cat-sin-categorizar","8":"first","9":"instock","10":"shipping-taxable","11":"purchasable","12":"product-type-simple"},"_links":{"self":[{"href":"https:\/\/www.museudetitelles.com\/fr\/wp-json\/wp\/v2\/product\/16361","targetHints":{"allow":["GET"]}}],"collection":[{"href":"https:\/\/www.museudetitelles.com\/fr\/wp-json\/wp\/v2\/product"}],"about":[{"href":"https:\/\/www.museudetitelles.com\/fr\/wp-json\/wp\/v2\/types\/product"}],"wp:featuredmedia":[{"embeddable":true,"href":"https:\/\/www.museudetitelles.com\/fr\/wp-json\/wp\/v2\/media\/16362"}],"wp:attachment":[{"href":"https:\/\/www.museudetitelles.com\/fr\/wp-json\/wp\/v2\/media?parent=16361"}],"wp:term":[{"taxonomy":"product_brand","embeddable":true,"href":"https:\/\/www.museudetitelles.com\/fr\/wp-json\/wp\/v2\/product_brand?post=16361"},{"taxonomy":"product_cat","embeddable":true,"href":"https:\/\/www.museudetitelles.com\/fr\/wp-json\/wp\/v2\/product_cat?post=16361"},{"taxonomy":"product_tag","embeddable":true,"href":"https:\/\/www.museudetitelles.com\/fr\/wp-json\/wp\/v2\/product_tag?post=16361"}],"curies":[{"name":"wp","href":"https:\/\/api.w.org\/{rel}","templated":true}]}}