{"id":16352,"date":"2025-08-06T11:43:06","date_gmt":"2025-08-06T09:43:06","guid":{"rendered":"https:\/\/www.museudetitelles.com\/?post_type=product&#038;p=16352"},"modified":"2025-08-06T11:43:06","modified_gmt":"2025-08-06T09:43:06","slug":"titella-de-guant-avia","status":"publish","type":"product","link":"https:\/\/www.museudetitelles.com\/fr\/producto\/titella-de-guant-avia\/","title":{"rendered":"Marionnette \u00e0 gant \u00ab Grand-m\u00e8re \u00bb"},"content":{"rendered":"","protected":false},"excerpt":{"rendered":"<p>Marionnette \u00e0 gaine faite main avec une t\u00eate en bois peinte, des cheveux en laine blanche et une robe noire \u00e0 petites fleurs. Elle porte un tablier \u00e0 carreaux rouges et blancs et un col bleu. Id\u00e9ale pour mettre en sc\u00e8ne des contes traditionnels et des aventures pour enfants.<\/p>","protected":false},"featured_media":16334,"template":"","meta":[],"product_brand":[],"product_cat":[23],"product_tag":[],"class_list":{"0":"post-16352","1":"product","2":"type-product","3":"status-publish","4":"has-post-thumbnail","6":"product_cat-sin-categorizar","8":"first","9":"instock","10":"shipping-taxable","11":"purchasable","12":"product-type-simple"},"_links":{"self":[{"href":"https:\/\/www.museudetitelles.com\/fr\/wp-json\/wp\/v2\/product\/16352","targetHints":{"allow":["GET"]}}],"collection":[{"href":"https:\/\/www.museudetitelles.com\/fr\/wp-json\/wp\/v2\/product"}],"about":[{"href":"https:\/\/www.museudetitelles.com\/fr\/wp-json\/wp\/v2\/types\/product"}],"wp:featuredmedia":[{"embeddable":true,"href":"https:\/\/www.museudetitelles.com\/fr\/wp-json\/wp\/v2\/media\/16334"}],"wp:attachment":[{"href":"https:\/\/www.museudetitelles.com\/fr\/wp-json\/wp\/v2\/media?parent=16352"}],"wp:term":[{"taxonomy":"product_brand","embeddable":true,"href":"https:\/\/www.museudetitelles.com\/fr\/wp-json\/wp\/v2\/product_brand?post=16352"},{"taxonomy":"product_cat","embeddable":true,"href":"https:\/\/www.museudetitelles.com\/fr\/wp-json\/wp\/v2\/product_cat?post=16352"},{"taxonomy":"product_tag","embeddable":true,"href":"https:\/\/www.museudetitelles.com\/fr\/wp-json\/wp\/v2\/product_tag?post=16352"}],"curies":[{"name":"wp","href":"https:\/\/api.w.org\/{rel}","templated":true}]}}