{"id":16333,"date":"2025-08-06T11:24:02","date_gmt":"2025-08-06T09:24:02","guid":{"rendered":"https:\/\/www.museudetitelles.com\/?post_type=product&#038;p=16333"},"modified":"2025-09-04T09:58:37","modified_gmt":"2025-09-04T07:58:37","slug":"titella-de-dit-avia","status":"publish","type":"product","link":"https:\/\/www.museudetitelles.com\/fr\/producto\/titella-de-dit-avia\/","title":{"rendered":"Marionnette \u00e0 doigt \u00ab Grand-m\u00e8re \u00bb"},"content":{"rendered":"","protected":false},"excerpt":{"rendered":"<p>Marionnette \u00e0 doigt faite main avec t\u00eate en bois poli et peint, cheveux en laine blanche et robe noire \u00e0 imprim\u00e9 floral orn\u00e9e de deux boutons jaunes d\u00e9coratifs. Id\u00e9ale pour donner vie aux histoires traditionnelles et stimuler l&#039;imagination des enfants.<\/p>","protected":false},"featured_media":16338,"template":"","meta":[],"product_brand":[],"product_cat":[103],"product_tag":[],"class_list":{"0":"post-16333","1":"product","2":"type-product","3":"status-publish","4":"has-post-thumbnail","6":"product_cat-titelles-de-dit","8":"first","9":"instock","10":"shipping-taxable","11":"purchasable","12":"product-type-simple"},"_links":{"self":[{"href":"https:\/\/www.museudetitelles.com\/fr\/wp-json\/wp\/v2\/product\/16333","targetHints":{"allow":["GET"]}}],"collection":[{"href":"https:\/\/www.museudetitelles.com\/fr\/wp-json\/wp\/v2\/product"}],"about":[{"href":"https:\/\/www.museudetitelles.com\/fr\/wp-json\/wp\/v2\/types\/product"}],"wp:featuredmedia":[{"embeddable":true,"href":"https:\/\/www.museudetitelles.com\/fr\/wp-json\/wp\/v2\/media\/16338"}],"wp:attachment":[{"href":"https:\/\/www.museudetitelles.com\/fr\/wp-json\/wp\/v2\/media?parent=16333"}],"wp:term":[{"taxonomy":"product_brand","embeddable":true,"href":"https:\/\/www.museudetitelles.com\/fr\/wp-json\/wp\/v2\/product_brand?post=16333"},{"taxonomy":"product_cat","embeddable":true,"href":"https:\/\/www.museudetitelles.com\/fr\/wp-json\/wp\/v2\/product_cat?post=16333"},{"taxonomy":"product_tag","embeddable":true,"href":"https:\/\/www.museudetitelles.com\/fr\/wp-json\/wp\/v2\/product_tag?post=16333"}],"curies":[{"name":"wp","href":"https:\/\/api.w.org\/{rel}","templated":true}]}}