{"id":16556,"date":"2025-08-24T12:01:05","date_gmt":"2025-08-24T10:01:05","guid":{"rendered":"https:\/\/www.museudetitelles.com\/?page_id=16556"},"modified":"2025-08-24T13:46:09","modified_gmt":"2025-08-24T11:46:09","slug":"exposicions-itinerants","status":"publish","type":"page","link":"https:\/\/www.museudetitelles.com\/fr\/activitats-al-museu-de-titelles\/exposicions-itinerants\/","title":{"rendered":"EXPOSITIONS ITIN\u00c9RANTES"},"content":{"rendered":"<div data-elementor-type=\"wp-page\" data-elementor-id=\"16556\" class=\"elementor elementor-16556\" data-elementor-post-type=\"page\">\n\t\t\t\t\t\t<section class=\"elementor-section elementor-top-section elementor-element elementor-element-127970a elementor-section-stretched elementor-section-boxed elementor-section-height-default elementor-section-height-default\" data-id=\"127970a\" data-element_type=\"section\" data-e-type=\"section\" data-settings=\"{&quot;stretch_section&quot;:&quot;section-stretched&quot;,&quot;background_background&quot;:&quot;classic&quot;}\">\n\t\t\t\t\t\t\t<div class=\"elementor-background-overlay\"><\/div>\n\t\t\t\t\t\t\t<div class=\"elementor-container elementor-column-gap-default\">\n\t\t\t\t\t<div class=\"elementor-column elementor-col-100 elementor-top-column elementor-element elementor-element-6f873dfa\" data-id=\"6f873dfa\" data-element_type=\"column\" data-e-type=\"column\">\n\t\t\t<div class=\"elementor-widget-wrap elementor-element-populated\">\n\t\t\t\t\t\t<section class=\"elementor-section elementor-inner-section elementor-element elementor-element-59c2a592 elementor-section-boxed elementor-section-height-default elementor-section-height-default\" data-id=\"59c2a592\" data-element_type=\"section\" data-e-type=\"section\" data-settings=\"{&quot;background_background&quot;:&quot;classic&quot;}\">\n\t\t\t\t\t\t<div class=\"elementor-container elementor-column-gap-default\">\n\t\t\t\t\t<div class=\"elementor-column elementor-col-100 elementor-inner-column elementor-element elementor-element-32fea9fa\" data-id=\"32fea9fa\" data-element_type=\"column\" data-e-type=\"column\" data-settings=\"{&quot;background_background&quot;:&quot;classic&quot;,&quot;animation&quot;:&quot;none&quot;,&quot;animation_delay&quot;:300}\">\n\t\t\t<div class=\"elementor-widget-wrap elementor-element-populated\">\n\t\t\t\t\t\t<div class=\"elementor-element elementor-element-54d3d109 elementor-widget elementor-widget-heading\" data-id=\"54d3d109\" data-element_type=\"widget\" data-e-type=\"widget\" data-widget_type=\"heading.default\">\n\t\t\t\t<div class=\"elementor-widget-container\">\n\t\t\t\t\t<h5 class=\"elementor-heading-title elementor-size-default\">Quand l&#039;art vient \u00e0 vous<\/h5>\t\t\t\t<\/div>\n\t\t\t\t<\/div>\n\t\t\t\t\t<\/div>\n\t\t<\/div>\n\t\t\t\t\t<\/div>\n\t\t<\/section>\n\t\t\t\t<div class=\"elementor-element elementor-element-491a00b0 elementor-widget elementor-widget-heading\" data-id=\"491a00b0\" data-element_type=\"widget\" data-e-type=\"widget\" data-settings=\"{&quot;_animation&quot;:&quot;none&quot;,&quot;_animation_delay&quot;:400}\" data-widget_type=\"heading.default\">\n\t\t\t\t<div class=\"elementor-widget-container\">\n\t\t\t\t\t<h2 class=\"elementor-heading-title elementor-size-default\">Expositions itin\u00e9rantes<\/h2>\t\t\t\t<\/div>\n\t\t\t\t<\/div>\n\t\t\t\t<div class=\"elementor-element elementor-element-13c6883f elementor-widget elementor-widget-text-editor\" data-id=\"13c6883f\" data-element_type=\"widget\" data-e-type=\"widget\" data-settings=\"{&quot;_animation&quot;:&quot;none&quot;,&quot;_animation_delay&quot;:500}\" data-widget_type=\"text-editor.default\">\n\t\t\t\t<div class=\"elementor-widget-container\">\n\t\t\t\t\t\t\t\t\t<p data-start=\"207\" data-end=\"276\"><strong data-start=\"207\" data-end=\"274\">Culture et patrimoine en mouvement<\/strong><\/p>\t\t\t\t\t\t\t\t<\/div>\n\t\t\t\t<\/div>\n\t\t\t\t\t<\/div>\n\t\t<\/div>\n\t\t\t\t\t<\/div>\n\t\t<\/section>\n\t\t\t\t<section class=\"elementor-section elementor-top-section elementor-element elementor-element-0e277cc elementor-section-boxed elementor-section-height-default elementor-section-height-default\" data-id=\"0e277cc\" data-element_type=\"section\" data-e-type=\"section\">\n\t\t\t\t\t\t<div class=\"elementor-container elementor-column-gap-extended\">\n\t\t\t\t\t<div class=\"elementor-column elementor-col-100 elementor-top-column elementor-element elementor-element-7453b3d\" data-id=\"7453b3d\" data-element_type=\"column\" data-e-type=\"column\">\n\t\t\t<div class=\"elementor-widget-wrap elementor-element-populated\">\n\t\t\t\t\t\t<div class=\"elementor-element elementor-element-614f65a elementor-widget-divider--view-line elementor-widget elementor-widget-divider\" data-id=\"614f65a\" data-element_type=\"widget\" data-e-type=\"widget\" data-widget_type=\"divider.default\">\n\t\t\t\t<div class=\"elementor-widget-container\">\n\t\t\t\t\t\t\t<div class=\"elementor-divider\">\n\t\t\t<span class=\"elementor-divider-separator\">\n\t\t\t\t\t\t<\/span>\n\t\t<\/div>\n\t\t\t\t\t\t<\/div>\n\t\t\t\t<\/div>\n\t\t\t\t<div class=\"elementor-element elementor-element-6b06fa6 elementor-widget elementor-widget-heading\" data-id=\"6b06fa6\" data-element_type=\"widget\" data-e-type=\"widget\" data-widget_type=\"heading.default\">\n\t\t\t\t<div class=\"elementor-widget-container\">\n\t\t\t\t\t<h2 class=\"elementor-heading-title elementor-size-default\">Que sont les expositions itin\u00e9rantes du MIT ?<\/h2>\t\t\t\t<\/div>\n\t\t\t\t<\/div>\n\t\t\t\t<div class=\"elementor-element elementor-element-a9dabc0 elementor-widget__width-initial elementor-widget elementor-widget-text-editor\" data-id=\"a9dabc0\" data-element_type=\"widget\" data-e-type=\"widget\" data-widget_type=\"text-editor.default\">\n\t\t\t\t<div class=\"elementor-widget-container\">\n\t\t\t\t\t\t\t\t\t<p data-start=\"340\" data-end=\"591\">Les expositions itin\u00e9rantes du Mus\u00e9e international de la Marionnette de Catalogne permettent de d\u00e9couvrir le patrimoine dans de nouveaux espaces et aupr\u00e8s de nouveaux publics. Ce sont des propositions culturelles alliant art, histoire et \u00e9ducation, con\u00e7ues pour \u00eatre facilement install\u00e9es dans les centres et les municipalit\u00e9s.<\/p><p data-start=\"340\" data-end=\"591\"><strong data-start=\"593\" data-end=\"638\">La culture et le patrimoine \u00e0 la port\u00e9e de tous<\/strong><br data-start=\"638\" data-end=\"641\" \/>\u00c0 travers des collections et des mat\u00e9riaux de grande valeur, les expositions r\u00e9v\u00e8lent la diversit\u00e9 culturelle du monde des marionnettes et des masques.<\/p><p data-start=\"340\" data-end=\"591\"><strong data-start=\"790\" data-end=\"844\">Projets pour les centres et les municipalit\u00e9s<\/strong><br data-start=\"844\" data-end=\"847\" \/>Chaque exposition est livr\u00e9e avec toutes les ressources n\u00e9cessaires pour rendre l&#039;organisation simple et professionnelle.<\/p>\t\t\t\t\t\t\t\t<\/div>\n\t\t\t\t<\/div>\n\t\t\t\t\t<\/div>\n\t\t<\/div>\n\t\t\t\t\t<\/div>\n\t\t<\/section>\n\t\t\t\t<section class=\"elementor-section elementor-top-section elementor-element elementor-element-60635b9 elementor-section-boxed elementor-section-height-default elementor-section-height-default\" data-id=\"60635b9\" data-element_type=\"section\" data-e-type=\"section\">\n\t\t\t\t\t\t<div class=\"elementor-container elementor-column-gap-extended\">\n\t\t\t\t\t<div class=\"elementor-column elementor-col-100 elementor-top-column elementor-element elementor-element-9711269\" data-id=\"9711269\" data-element_type=\"column\" data-e-type=\"column\">\n\t\t\t<div class=\"elementor-widget-wrap elementor-element-populated\">\n\t\t\t\t\t\t<div class=\"elementor-element elementor-element-95e9098 elementor-widget elementor-widget-heading\" data-id=\"95e9098\" data-element_type=\"widget\" data-e-type=\"widget\" data-widget_type=\"heading.default\">\n\t\t\t\t<div class=\"elementor-widget-container\">\n\t\t\t\t\t<h2 class=\"elementor-heading-title elementor-size-default\">Quelles expositions propose-t-il ?<\/h2>\t\t\t\t<\/div>\n\t\t\t\t<\/div>\n\t\t\t\t<div class=\"elementor-element elementor-element-047ddbd elementor-widget__width-initial elementor-widget elementor-widget-text-editor\" data-id=\"047ddbd\" data-element_type=\"widget\" data-e-type=\"widget\" data-widget_type=\"text-editor.default\">\n\t\t\t\t<div class=\"elementor-widget-container\">\n\t\t\t\t\t\t\t\t\t<p data-start=\"340\" data-end=\"591\">Le MIT propose une s\u00e9lection d&#039;expositions th\u00e9matiques li\u00e9es au monde des marionnettes et des masques. Le catalogue est mis \u00e0 jour chaque ann\u00e9e avec de nouvelles propositions.\u00a0 \u00a0<\/p>\t\t\t\t\t\t\t\t<\/div>\n\t\t\t\t<\/div>\n\t\t\t\t<div class=\"elementor-element elementor-element-ccbb44a elementor-widget-divider--view-line elementor-widget elementor-widget-divider\" data-id=\"ccbb44a\" data-element_type=\"widget\" data-e-type=\"widget\" data-widget_type=\"divider.default\">\n\t\t\t\t<div class=\"elementor-widget-container\">\n\t\t\t\t\t\t\t<div class=\"elementor-divider\">\n\t\t\t<span class=\"elementor-divider-separator\">\n\t\t\t\t\t\t<\/span>\n\t\t<\/div>\n\t\t\t\t\t\t<\/div>\n\t\t\t\t<\/div>\n\t\t\t\t<div class=\"elementor-element elementor-element-9a05e50 elementor-widget elementor-widget-heading\" data-id=\"9a05e50\" data-element_type=\"widget\" data-e-type=\"widget\" data-widget_type=\"heading.default\">\n\t\t\t\t<div class=\"elementor-widget-container\">\n\t\t\t\t\t<h2 class=\"elementor-heading-title elementor-size-default\">2025-2026<br><br>Exposition de masques : \u00ab TRANSFORMATION ET IDENTIT\u00c9 \u00bb\u00a0 \n<\/h2>\t\t\t\t<\/div>\n\t\t\t\t<\/div>\n\t\t\t\t<section class=\"elementor-section elementor-inner-section elementor-element elementor-element-e89a36b elementor-section-boxed elementor-section-height-default elementor-section-height-default\" data-id=\"e89a36b\" data-element_type=\"section\" data-e-type=\"section\">\n\t\t\t\t\t\t<div class=\"elementor-container elementor-column-gap-default\">\n\t\t\t\t\t<div class=\"elementor-column elementor-col-50 elementor-inner-column elementor-element elementor-element-29fe601\" data-id=\"29fe601\" data-element_type=\"column\" data-e-type=\"column\">\n\t\t\t<div class=\"elementor-widget-wrap elementor-element-populated\">\n\t\t\t\t\t\t<div class=\"elementor-element elementor-element-934c03a elementor-widget__width-initial elementor-widget elementor-widget-text-editor\" data-id=\"934c03a\" data-element_type=\"widget\" data-e-type=\"widget\" data-widget_type=\"text-editor.default\">\n\t\t\t\t<div class=\"elementor-widget-container\">\n\t\t\t\t\t\t\t\t\t<p class=\"text-build-content\">Un voyage \u00e0 travers les masques du monde qui nous racontent des rituels, des c\u00e9l\u00e9brations et des expressions artistiques universelles.<\/p><p class=\"text-build-content\">Un projet cl\u00e9 en main, <strong>avec du mat\u00e9riel d&#039;exposition et des ressources p\u00e9dagogiques pour rapprocher du public la richesse du patrimoine des masques.<\/strong><\/p><p class=\"text-build-content\"><strong>Carnaval<\/strong> C&#039;est, par excellence, la f\u00eate des masques, de la transformation et de la libert\u00e9 d&#039;\u00eatre quelqu&#039;un de diff\u00e9rent le temps d&#039;une journ\u00e9e. <strong>L&#039;exposition s&#039;inscrit directement dans cet esprit,<\/strong> montrant comment les masques ont \u00e9t\u00e9 utilis\u00e9s dans le monde entier lors de rituels, de c\u00e9l\u00e9brations et de repr\u00e9sentations th\u00e9\u00e2trales.<\/p><p class=\"text-build-content\"><strong>Le programmer \u00e0 ces dates est une opportunit\u00e9 unique <\/strong>par:<\/p><p class=\"text-build-content\">Enrichir le festival d\u2019un contexte culturel et patrimonial.<\/p><p class=\"text-build-content\"><strong>Offrir au public une perspective internationale sur la tradition du d\u00e9guisement et de la transformation.<\/strong><\/p><p class=\"text-build-content\">Associez la f\u00eate populaire \u00e0 une proposition artistique et \u00e9ducative de grande valeur.<\/p><p class=\"text-build-content\"><strong>L\u2019exposition devient ainsi un compl\u00e9ment parfait au Carnaval : elle allie f\u00eate, culture et r\u00e9flexion sur l\u2019identit\u00e9 et la transformation.<\/strong><\/p><p>\u00a0<\/p>\t\t\t\t\t\t\t\t<\/div>\n\t\t\t\t<\/div>\n\t\t\t\t\t<\/div>\n\t\t<\/div>\n\t\t\t\t<div class=\"elementor-column elementor-col-50 elementor-inner-column elementor-element elementor-element-e409936\" data-id=\"e409936\" data-element_type=\"column\" data-e-type=\"column\">\n\t\t\t<div class=\"elementor-widget-wrap elementor-element-populated\">\n\t\t\t\t\t\t<div class=\"elementor-element elementor-element-a81efa2 elementor-widget elementor-widget-image\" data-id=\"a81efa2\" data-element_type=\"widget\" data-e-type=\"widget\" data-widget_type=\"image.default\">\n\t\t\t\t<div class=\"elementor-widget-container\">\n\t\t\t\t\t\t\t\t\t\t\t\t\t\t\t<img fetchpriority=\"high\" decoding=\"async\" width=\"600\" height=\"600\" src=\"https:\/\/www.museudetitelles.com\/wp-content\/uploads\/2025\/08\/Foto_fulleto_Exposicio_copia.png\" class=\"attachment-large size-large wp-image-16575\" alt=\"\" srcset=\"https:\/\/www.museudetitelles.com\/wp-content\/uploads\/2025\/08\/Foto_fulleto_Exposicio_copia.png 600w, https:\/\/www.museudetitelles.com\/wp-content\/uploads\/2025\/08\/Foto_fulleto_Exposicio_copia-300x300.png 300w, https:\/\/www.museudetitelles.com\/wp-content\/uploads\/2025\/08\/Foto_fulleto_Exposicio_copia-150x150.png 150w, https:\/\/www.museudetitelles.com\/wp-content\/uploads\/2025\/08\/Foto_fulleto_Exposicio_copia-12x12.png 12w, https:\/\/www.museudetitelles.com\/wp-content\/uploads\/2025\/08\/Foto_fulleto_Exposicio_copia-250x250.png 250w, https:\/\/www.museudetitelles.com\/wp-content\/uploads\/2025\/08\/Foto_fulleto_Exposicio_copia-100x100.png 100w\" sizes=\"(max-width: 600px) 100vw, 600px\">\t\t\t\t\t\t\t\t\t\t\t\t\t\t\t<\/div>\n\t\t\t\t<\/div>\n\t\t\t\t\t<\/div>\n\t\t<\/div>\n\t\t\t\t\t<\/div>\n\t\t<\/section>\n\t\t\t\t\t<\/div>\n\t\t<\/div>\n\t\t\t\t\t<\/div>\n\t\t<\/section>\n\t\t\t\t<section class=\"elementor-section elementor-top-section elementor-element elementor-element-ba87406 elementor-section-boxed elementor-section-height-default elementor-section-height-default\" data-id=\"ba87406\" data-element_type=\"section\" data-e-type=\"section\">\n\t\t\t\t\t\t<div class=\"elementor-container elementor-column-gap-extended\">\n\t\t\t\t\t<div class=\"elementor-column elementor-col-100 elementor-top-column elementor-element elementor-element-5442e1c\" data-id=\"5442e1c\" data-element_type=\"column\" data-e-type=\"column\">\n\t\t\t<div class=\"elementor-widget-wrap elementor-element-populated\">\n\t\t\t\t\t\t<div class=\"elementor-element elementor-element-ba49aeb elementor-widget elementor-widget-heading\" data-id=\"ba49aeb\" data-element_type=\"widget\" data-e-type=\"widget\" data-widget_type=\"heading.default\">\n\t\t\t\t<div class=\"elementor-widget-container\">\n\t\t\t\t\t<h2 class=\"elementor-heading-title elementor-size-default\">Vous souhaitez amener l&#039;exposition dans votre espace ?<\/h2>\t\t\t\t<\/div>\n\t\t\t\t<\/div>\n\t\t\t\t<div class=\"elementor-element elementor-element-3792327 elementor-widget__width-initial elementor-widget elementor-widget-text-editor\" data-id=\"3792327\" data-element_type=\"widget\" data-e-type=\"widget\" data-widget_type=\"text-editor.default\">\n\t\t\t\t<div class=\"elementor-widget-container\">\n\t\t\t\t\t\t\t\t\t<p data-start=\"3188\" data-end=\"3329\">D\u00e9couvrez comment enrichir votre programmation culturelle avec une proposition cl\u00e9 en main, adapt\u00e9e \u00e0 votre public et avec le soutien de l&#039;\u00e9quipe du MIT.<\/p>\t\t\t\t\t\t\t\t<\/div>\n\t\t\t\t<\/div>\n\t\t\t\t<div class=\"elementor-element elementor-element-8767fa2 elementor-widget elementor-widget-spacer\" data-id=\"8767fa2\" data-element_type=\"widget\" data-e-type=\"widget\" data-widget_type=\"spacer.default\">\n\t\t\t\t<div class=\"elementor-widget-container\">\n\t\t\t\t\t\t\t<div class=\"elementor-spacer\">\n\t\t\t<div class=\"elementor-spacer-inner\"><\/div>\n\t\t<\/div>\n\t\t\t\t\t\t<\/div>\n\t\t\t\t<\/div>\n\t\t\t\t<div class=\"elementor-element elementor-element-6ff812f elementor-align-center elementor-widget elementor-widget-button\" data-id=\"6ff812f\" data-element_type=\"widget\" data-e-type=\"widget\" data-widget_type=\"button.default\">\n\t\t\t\t<div class=\"elementor-widget-container\">\n\t\t\t\t\t\t\t\t\t<div class=\"elementor-button-wrapper\">\n\t\t\t\t\t<a class=\"elementor-button elementor-button-link elementor-size-sm\" href=\"mailto:direccio@mitmuseudetitelles.com\">\n\t\t\t\t\t\t<span class=\"elementor-button-content-wrapper\">\n\t\t\t\t\t\t\t\t\t<span class=\"elementor-button-text\">DEMANDE D&#039;INFORMATIONS<\/span>\n\t\t\t\t\t<\/span>\n\t\t\t\t\t<\/a>\n\t\t\t\t<\/div>\n\t\t\t\t\t\t\t\t<\/div>\n\t\t\t\t<\/div>\n\t\t\t\t\t<\/div>\n\t\t<\/div>\n\t\t\t\t\t<\/div>\n\t\t<\/section>\n\t\t\t\t<section class=\"elementor-section elementor-top-section elementor-element elementor-element-27303aa elementor-section-boxed elementor-section-height-default elementor-section-height-default\" data-id=\"27303aa\" data-element_type=\"section\" data-e-type=\"section\">\n\t\t\t\t\t\t<div class=\"elementor-container elementor-column-gap-extended\">\n\t\t\t\t\t<div class=\"elementor-column elementor-col-100 elementor-top-column elementor-element elementor-element-68ac32b\" data-id=\"68ac32b\" data-element_type=\"column\" data-e-type=\"column\">\n\t\t\t<div class=\"elementor-widget-wrap elementor-element-populated\">\n\t\t\t\t\t\t<div class=\"elementor-element elementor-element-30bf06c elementor-widget-divider--view-line elementor-widget elementor-widget-divider\" data-id=\"30bf06c\" data-element_type=\"widget\" data-e-type=\"widget\" data-widget_type=\"divider.default\">\n\t\t\t\t<div class=\"elementor-widget-container\">\n\t\t\t\t\t\t\t<div class=\"elementor-divider\">\n\t\t\t<span class=\"elementor-divider-separator\">\n\t\t\t\t\t\t<\/span>\n\t\t<\/div>\n\t\t\t\t\t\t<\/div>\n\t\t\t\t<\/div>\n\t\t\t\t<div class=\"elementor-element elementor-element-3bf0527 elementor-widget elementor-widget-heading\" data-id=\"3bf0527\" data-element_type=\"widget\" data-e-type=\"widget\" data-widget_type=\"heading.default\">\n\t\t\t\t<div class=\"elementor-widget-container\">\n\t\t\t\t\t<h2 class=\"elementor-heading-title elementor-size-default\">Questions fr\u00e9quemment pos\u00e9es. FAQ <\/h2>\t\t\t\t<\/div>\n\t\t\t\t<\/div>\n\t\t\t\t<div class=\"elementor-element elementor-element-a1f0b3e elementor-widget__width-initial elementor-widget elementor-widget-text-editor\" data-id=\"a1f0b3e\" data-element_type=\"widget\" data-e-type=\"widget\" data-widget_type=\"text-editor.default\">\n\t\t\t\t<div class=\"elementor-widget-container\">\n\t\t\t\t\t\t\t\t\t<p data-start=\"482\" data-end=\"699\"><strong data-start=\"482\" data-end=\"527\">1. Quels types d\u2019espaces peuvent les accueillir ?<\/strong><br data-start=\"527\" data-end=\"530\" \/>Les expositions sont con\u00e7ues pour s&#039;adapter \u00e0 diff\u00e9rents formats : salles d&#039;exposition, biblioth\u00e8ques, centres civiques, mus\u00e9es locaux, festivals et \u00e9tablissements d&#039;enseignement.<\/p><p data-start=\"701\" data-end=\"920\"><strong data-start=\"701\" data-end=\"741\">2. Quel mat\u00e9riel comprend l\u2019exposition ?<\/strong><br data-start=\"741\" data-end=\"744\" \/>Chaque projet cl\u00e9 en main comprend des pi\u00e8ces originales, des panneaux explicatifs, des \u00e9l\u00e9ments mus\u00e9ographiques et, si d\u00e9sir\u00e9, des activit\u00e9s compl\u00e9mentaires (ateliers, visites guid\u00e9es, conf\u00e9rences).<\/p><p data-start=\"922\" data-end=\"1098\"><strong data-start=\"922\" data-end=\"975\">3. Combien de temps durent les expositions itin\u00e9rantes ?<\/strong><br data-start=\"975\" data-end=\"978\" \/>Elles sont g\u00e9n\u00e9ralement propos\u00e9es pour des p\u00e9riodes allant de 15 jours \u00e0 3 mois, mais peuvent \u00eatre adapt\u00e9es en fonction des besoins du programmeur.<\/p><p data-start=\"1100\" data-end=\"1300\"><strong data-start=\"1100\" data-end=\"1150\">4. Qui est responsable du montage et du d\u00e9montage ?<\/strong><br data-start=\"1150\" data-end=\"1153\" \/>L&#039;\u00e9quipe du MIT conseille et accompagne le processus. Les expositions sont con\u00e7ues pour \u00eatre faciles \u00e0 monter, avec des instructions d\u00e9taill\u00e9es.<\/p><p data-start=\"1302\" data-end=\"1478\"><strong data-start=\"1302\" data-end=\"1348\">5. Existe-t-il des activit\u00e9s \u00e9ducatives li\u00e9es ?<\/strong><br data-start=\"1348\" data-end=\"1351\" \/>Oui. Chaque exposition peut \u00eatre compl\u00e9t\u00e9e par des propositions p\u00e9dagogiques adapt\u00e9es aux diff\u00e9rents niveaux scolaires et publics familiaux.<\/p><p data-start=\"1480\" data-end=\"1697\"><strong data-start=\"1480\" data-end=\"1531\">6. Combien co\u00fbte une exposition itin\u00e9rante ?<\/strong><br data-start=\"1531\" data-end=\"1534\" \/>Le prix varie en fonction de la dur\u00e9e, du transport et des prestations compl\u00e9mentaires (activit\u00e9s p\u00e9dagogiques, personnel technique, assurance). Un devis personnalis\u00e9 est \u00e9tabli.<\/p><p data-start=\"1699\" data-end=\"1866\"><strong data-start=\"1699\" data-end=\"1738\">7. Comment puis-je conna\u00eetre la disponibilit\u00e9 ?<\/strong><br data-start=\"1738\" data-end=\"1741\" \/>Contactez simplement le MIT pour consulter le calendrier et r\u00e9server le cr\u00e9neau le plus adapt\u00e9 \u00e0 votre \u00e9quipement.<\/p>\t\t\t\t\t\t\t\t<\/div>\n\t\t\t\t<\/div>\n\t\t\t\t<div class=\"elementor-element elementor-element-b8e9a1c elementor-widget elementor-widget-spacer\" data-id=\"b8e9a1c\" data-element_type=\"widget\" data-e-type=\"widget\" data-widget_type=\"spacer.default\">\n\t\t\t\t<div class=\"elementor-widget-container\">\n\t\t\t\t\t\t\t<div class=\"elementor-spacer\">\n\t\t\t<div class=\"elementor-spacer-inner\"><\/div>\n\t\t<\/div>\n\t\t\t\t\t\t<\/div>\n\t\t\t\t<\/div>\n\t\t\t\t\t<\/div>\n\t\t<\/div>\n\t\t\t\t\t<\/div>\n\t\t<\/section>\n\t\t\t\t<\/div>","protected":false},"excerpt":{"rendered":"<p>Quan l\u2019art et ve a trobar Exposicions Itinerants Cultura i patrimoni en moviment Qu\u00e8 s\u00f3n les exposicions itinerants del MIT? Les exposicions itinerants del Museu Internacional dels Titelles de Catalunya porten el patrimoni a nous espais i p\u00fablics. S\u00f3n propostes culturals que combinen art, hist\u00f2ria i educaci\u00f3, pensades per ser instal\u00b7lades f\u00e0cilment en centres i [&hellip;]<\/p>\n","protected":false},"author":10,"featured_media":0,"parent":13128,"menu_order":0,"comment_status":"closed","ping_status":"closed","template":"elementor_header_footer","meta":{"footnotes":""},"class_list":["post-16556","page","type-page","status-publish","hentry"],"amp_enabled":false,"_links":{"self":[{"href":"https:\/\/www.museudetitelles.com\/fr\/wp-json\/wp\/v2\/pages\/16556","targetHints":{"allow":["GET"]}}],"collection":[{"href":"https:\/\/www.museudetitelles.com\/fr\/wp-json\/wp\/v2\/pages"}],"about":[{"href":"https:\/\/www.museudetitelles.com\/fr\/wp-json\/wp\/v2\/types\/page"}],"author":[{"embeddable":true,"href":"https:\/\/www.museudetitelles.com\/fr\/wp-json\/wp\/v2\/users\/10"}],"replies":[{"embeddable":true,"href":"https:\/\/www.museudetitelles.com\/fr\/wp-json\/wp\/v2\/comments?post=16556"}],"version-history":[{"count":61,"href":"https:\/\/www.museudetitelles.com\/fr\/wp-json\/wp\/v2\/pages\/16556\/revisions"}],"predecessor-version":[{"id":16626,"href":"https:\/\/www.museudetitelles.com\/fr\/wp-json\/wp\/v2\/pages\/16556\/revisions\/16626"}],"up":[{"embeddable":true,"href":"https:\/\/www.museudetitelles.com\/fr\/wp-json\/wp\/v2\/pages\/13128"}],"wp:attachment":[{"href":"https:\/\/www.museudetitelles.com\/fr\/wp-json\/wp\/v2\/media?parent=16556"}],"curies":[{"name":"wp","href":"https:\/\/api.w.org\/{rel}","templated":true}]}}