{"id":13045,"date":"2023-09-10T18:38:16","date_gmt":"2023-09-10T16:38:16","guid":{"rendered":"https:\/\/www.museudetitelles.com\/?page_id=13045"},"modified":"2024-09-27T00:02:38","modified_gmt":"2024-09-26T22:02:38","slug":"visites-al-museu","status":"publish","type":"page","link":"https:\/\/www.museudetitelles.com\/fr\/visites-al-museu\/","title":{"rendered":"VISITES"},"content":{"rendered":"<div data-elementor-type=\"wp-page\" data-elementor-id=\"13045\" class=\"elementor elementor-13045\" data-elementor-post-type=\"page\">\n\t\t\t\t\t\t<section class=\"elementor-section elementor-top-section elementor-element elementor-element-501d5735 elementor-section-stretched elementor-section-boxed elementor-section-height-default elementor-section-height-default\" data-id=\"501d5735\" data-element_type=\"section\" data-e-type=\"section\" data-settings=\"{&quot;stretch_section&quot;:&quot;section-stretched&quot;,&quot;background_background&quot;:&quot;classic&quot;}\">\n\t\t\t\t\t\t\t<div class=\"elementor-background-overlay\"><\/div>\n\t\t\t\t\t\t\t<div class=\"elementor-container elementor-column-gap-default\">\n\t\t\t\t\t<div class=\"elementor-column elementor-col-100 elementor-top-column elementor-element elementor-element-942f204\" data-id=\"942f204\" data-element_type=\"column\" data-e-type=\"column\">\n\t\t\t<div class=\"elementor-widget-wrap elementor-element-populated\">\n\t\t\t\t\t\t<section class=\"elementor-section elementor-inner-section elementor-element elementor-element-142dd7e elementor-section-boxed elementor-section-height-default elementor-section-height-default\" data-id=\"142dd7e\" data-element_type=\"section\" data-e-type=\"section\" data-settings=\"{&quot;background_background&quot;:&quot;classic&quot;}\">\n\t\t\t\t\t\t<div class=\"elementor-container elementor-column-gap-default\">\n\t\t\t\t\t<div class=\"elementor-column elementor-col-100 elementor-inner-column elementor-element elementor-element-217e294\" data-id=\"217e294\" data-element_type=\"column\" data-e-type=\"column\" data-settings=\"{&quot;background_background&quot;:&quot;classic&quot;,&quot;animation&quot;:&quot;none&quot;,&quot;animation_delay&quot;:300}\">\n\t\t\t<div class=\"elementor-widget-wrap elementor-element-populated\">\n\t\t\t\t\t\t<div class=\"elementor-element elementor-element-8c708b7 elementor-widget elementor-widget-heading\" data-id=\"8c708b7\" data-element_type=\"widget\" data-e-type=\"widget\" data-widget_type=\"heading.default\">\n\t\t\t\t<div class=\"elementor-widget-container\">\n\t\t\t\t\t<h5 class=\"elementor-heading-title elementor-size-default\">Marionnettes, \u00e9motions et nature<\/h5>\t\t\t\t<\/div>\n\t\t\t\t<\/div>\n\t\t\t\t\t<\/div>\n\t\t<\/div>\n\t\t\t\t\t<\/div>\n\t\t<\/section>\n\t\t\t\t<div class=\"elementor-element elementor-element-02a7715 elementor-widget elementor-widget-heading\" data-id=\"02a7715\" data-element_type=\"widget\" data-e-type=\"widget\" data-settings=\"{&quot;_animation&quot;:&quot;none&quot;,&quot;_animation_delay&quot;:400}\" data-widget_type=\"heading.default\">\n\t\t\t\t<div class=\"elementor-widget-container\">\n\t\t\t\t\t<h2 class=\"elementor-heading-title elementor-size-default\">Venez nous rencontrer<\/h2>\t\t\t\t<\/div>\n\t\t\t\t<\/div>\n\t\t\t\t<div class=\"elementor-element elementor-element-a85de84 elementor-widget elementor-widget-text-editor\" data-id=\"a85de84\" data-element_type=\"widget\" data-e-type=\"widget\" data-settings=\"{&quot;_animation&quot;:&quot;none&quot;,&quot;_animation_delay&quot;:500}\" data-widget_type=\"text-editor.default\">\n\t\t\t\t<div class=\"elementor-widget-container\">\n\t\t\t\t\t\t\t\t\t<h3>Nos visites sont adapt\u00e9es aux besoins de chaque groupe. Professionnalisme dans les moindres d\u00e9tails.<\/h3>\t\t\t\t\t\t\t\t<\/div>\n\t\t\t\t<\/div>\n\t\t\t\t\t<\/div>\n\t\t<\/div>\n\t\t\t\t\t<\/div>\n\t\t<\/section>\n\t\t\t\t<section class=\"elementor-section elementor-top-section elementor-element elementor-element-d752d97 elementor-section-boxed elementor-section-height-default elementor-section-height-default\" data-id=\"d752d97\" data-element_type=\"section\" data-e-type=\"section\">\n\t\t\t\t\t\t<div class=\"elementor-container elementor-column-gap-default\">\n\t\t\t\t\t<div class=\"elementor-column elementor-col-100 elementor-top-column elementor-element elementor-element-2731fbb\" data-id=\"2731fbb\" data-element_type=\"column\" data-e-type=\"column\">\n\t\t\t<div class=\"elementor-widget-wrap elementor-element-populated\">\n\t\t\t\t\t\t<div class=\"elementor-element elementor-element-e45fcd3 elementor-widget elementor-widget-spacer\" data-id=\"e45fcd3\" data-element_type=\"widget\" data-e-type=\"widget\" data-widget_type=\"spacer.default\">\n\t\t\t\t<div class=\"elementor-widget-container\">\n\t\t\t\t\t\t\t<div class=\"elementor-spacer\">\n\t\t\t<div class=\"elementor-spacer-inner\"><\/div>\n\t\t<\/div>\n\t\t\t\t\t\t<\/div>\n\t\t\t\t<\/div>\n\t\t\t\t\t<\/div>\n\t\t<\/div>\n\t\t\t\t\t<\/div>\n\t\t<\/section>\n\t\t\t\t<section class=\"elementor-section elementor-top-section elementor-element elementor-element-86fd8fc elementor-section-boxed elementor-section-height-default elementor-section-height-default\" data-id=\"86fd8fc\" data-element_type=\"section\" data-e-type=\"section\">\n\t\t\t\t\t\t<div class=\"elementor-container elementor-column-gap-extended\">\n\t\t\t\t\t<div class=\"elementor-column elementor-col-50 elementor-top-column elementor-element elementor-element-53ba578\" data-id=\"53ba578\" data-element_type=\"column\" data-e-type=\"column\">\n\t\t\t<div class=\"elementor-widget-wrap elementor-element-populated\">\n\t\t\t\t\t\t<div class=\"elementor-element elementor-element-a79198e e-transform elementor-widget elementor-widget-image\" data-id=\"a79198e\" data-element_type=\"widget\" data-e-type=\"widget\" data-settings=\"{&quot;_animation&quot;:&quot;none&quot;,&quot;_transform_rotateZ_effect&quot;:{&quot;unit&quot;:&quot;px&quot;,&quot;size&quot;:&quot;&quot;,&quot;sizes&quot;:[]},&quot;_transform_rotateZ_effect_tablet&quot;:{&quot;unit&quot;:&quot;deg&quot;,&quot;size&quot;:&quot;&quot;,&quot;sizes&quot;:[]},&quot;_transform_rotateZ_effect_mobile&quot;:{&quot;unit&quot;:&quot;deg&quot;,&quot;size&quot;:&quot;&quot;,&quot;sizes&quot;:[]}}\" data-widget_type=\"image.default\">\n\t\t\t\t<div class=\"elementor-widget-container\">\n\t\t\t\t\t\t\t\t\t\t\t\t\t\t\t<img fetchpriority=\"high\" decoding=\"async\" width=\"500\" height=\"500\" src=\"https:\/\/www.museudetitelles.com\/wp-content\/uploads\/2023\/09\/Copia-de-Copia-de-Copia-de-Diseno-sin-titulo.jpg\" class=\"elementor-animation-shrink attachment-full size-full wp-image-13061\" alt=\"VISITES ESCOLARS\" srcset=\"https:\/\/www.museudetitelles.com\/wp-content\/uploads\/2023\/09\/Copia-de-Copia-de-Copia-de-Diseno-sin-titulo.jpg 500w, https:\/\/www.museudetitelles.com\/wp-content\/uploads\/2023\/09\/Copia-de-Copia-de-Copia-de-Diseno-sin-titulo-300x300.jpg 300w, https:\/\/www.museudetitelles.com\/wp-content\/uploads\/2023\/09\/Copia-de-Copia-de-Copia-de-Diseno-sin-titulo-150x150.jpg 150w, https:\/\/www.museudetitelles.com\/wp-content\/uploads\/2023\/09\/Copia-de-Copia-de-Copia-de-Diseno-sin-titulo-12x12.jpg 12w, https:\/\/www.museudetitelles.com\/wp-content\/uploads\/2023\/09\/Copia-de-Copia-de-Copia-de-Diseno-sin-titulo-250x250.jpg 250w\" sizes=\"(max-width: 500px) 100vw, 500px\" \/>\t\t\t\t\t\t\t\t\t\t\t\t\t\t\t<\/div>\n\t\t\t\t<\/div>\n\t\t\t\t<div class=\"elementor-element elementor-element-b799d71 elementor-widget elementor-widget-heading\" data-id=\"b799d71\" data-element_type=\"widget\" data-e-type=\"widget\" data-widget_type=\"heading.default\">\n\t\t\t\t<div class=\"elementor-widget-container\">\n\t\t\t\t\t<h2 class=\"elementor-heading-title elementor-size-default\"><a href=\"https:\/\/bit.ly\/3rx3ddF\" target=\"_blank\" rel=\"noopener\">VISITES SCOLAIRES<\/a><\/h2>\t\t\t\t<\/div>\n\t\t\t\t<\/div>\n\t\t\t\t<div class=\"elementor-element elementor-element-6ad377e elementor-align-left elementor-widget elementor-widget-button\" data-id=\"6ad377e\" data-element_type=\"widget\" data-e-type=\"widget\" data-widget_type=\"button.default\">\n\t\t\t\t<div class=\"elementor-widget-container\">\n\t\t\t\t\t\t\t\t\t<div class=\"elementor-button-wrapper\">\n\t\t\t\t\t<a class=\"elementor-button elementor-button-link elementor-size-sm\" href=\"https:\/\/bit.ly\/3rx3ddF\" target=\"_blank\" rel=\"noopener\">\n\t\t\t\t\t\t<span class=\"elementor-button-content-wrapper\">\n\t\t\t\t\t\t\t\t\t<span class=\"elementor-button-text\">R\u00c9SERVER VISITE<\/span>\n\t\t\t\t\t<\/span>\n\t\t\t\t\t<\/a>\n\t\t\t\t<\/div>\n\t\t\t\t\t\t\t\t<\/div>\n\t\t\t\t<\/div>\n\t\t\t\t<div class=\"elementor-element elementor-element-4e34573 elementor-widget elementor-widget-text-editor\" data-id=\"4e34573\" data-element_type=\"widget\" data-e-type=\"widget\" data-widget_type=\"text-editor.default\">\n\t\t\t\t<div class=\"elementor-widget-container\">\n\t\t\t\t\t\t\t\t\t<p>Une exp\u00e9rience \u00e9ducative unique en Catalogne, parfaitement adapt\u00e9e aux \u00e9tudiants de tous niveaux. Le mus\u00e9e offre une occasion unique de travailler sur les valeurs, la cr\u00e9ativit\u00e9 et les \u00e9motions \u00e0 travers le monde merveilleux des marionnettes.<\/p>\t\t\t\t\t\t\t\t<\/div>\n\t\t\t\t<\/div>\n\t\t\t\t\t<\/div>\n\t\t<\/div>\n\t\t\t\t<div class=\"elementor-column elementor-col-50 elementor-top-column elementor-element elementor-element-c884b55\" data-id=\"c884b55\" data-element_type=\"column\" data-e-type=\"column\">\n\t\t\t<div class=\"elementor-widget-wrap elementor-element-populated\">\n\t\t\t\t\t\t<div class=\"elementor-element elementor-element-fec4967 elementor-widget elementor-widget-image\" data-id=\"fec4967\" data-element_type=\"widget\" data-e-type=\"widget\" data-widget_type=\"image.default\">\n\t\t\t\t<div class=\"elementor-widget-container\">\n\t\t\t\t\t\t\t\t\t\t\t\t\t\t\t<img decoding=\"async\" width=\"500\" height=\"500\" src=\"https:\/\/www.museudetitelles.com\/wp-content\/uploads\/2023\/09\/VISITES-FAMILIARS.jpg\" class=\"elementor-animation-shrink attachment-full size-full wp-image-13062\" alt=\"VISITES FAMILIARS\" srcset=\"https:\/\/www.museudetitelles.com\/wp-content\/uploads\/2023\/09\/VISITES-FAMILIARS.jpg 500w, https:\/\/www.museudetitelles.com\/wp-content\/uploads\/2023\/09\/VISITES-FAMILIARS-300x300.jpg 300w, https:\/\/www.museudetitelles.com\/wp-content\/uploads\/2023\/09\/VISITES-FAMILIARS-150x150.jpg 150w, https:\/\/www.museudetitelles.com\/wp-content\/uploads\/2023\/09\/VISITES-FAMILIARS-12x12.jpg 12w, https:\/\/www.museudetitelles.com\/wp-content\/uploads\/2023\/09\/VISITES-FAMILIARS-250x250.jpg 250w\" sizes=\"(max-width: 500px) 100vw, 500px\" \/>\t\t\t\t\t\t\t\t\t\t\t\t\t\t\t<\/div>\n\t\t\t\t<\/div>\n\t\t\t\t<div class=\"elementor-element elementor-element-c1abdce elementor-widget elementor-widget-heading\" data-id=\"c1abdce\" data-element_type=\"widget\" data-e-type=\"widget\" data-widget_type=\"heading.default\">\n\t\t\t\t<div class=\"elementor-widget-container\">\n\t\t\t\t\t<h2 class=\"elementor-heading-title elementor-size-default\"><a href=\"https:\/\/bit.ly\/3WboI0B\" target=\"_blank\" rel=\"noopener\">VISITES EN FAMILLE<\/a><\/h2>\t\t\t\t<\/div>\n\t\t\t\t<\/div>\n\t\t\t\t<div class=\"elementor-element elementor-element-2cb5320 elementor-align-left elementor-widget elementor-widget-button\" data-id=\"2cb5320\" data-element_type=\"widget\" data-e-type=\"widget\" data-widget_type=\"button.default\">\n\t\t\t\t<div class=\"elementor-widget-container\">\n\t\t\t\t\t\t\t\t\t<div class=\"elementor-button-wrapper\">\n\t\t\t\t\t<a class=\"elementor-button elementor-button-link elementor-size-sm\" href=\"https:\/\/bit.ly\/3WboI0B\" target=\"_blank\" rel=\"noopener\">\n\t\t\t\t\t\t<span class=\"elementor-button-content-wrapper\">\n\t\t\t\t\t\t\t\t\t<span class=\"elementor-button-text\">ACHETER DES BILLETS<\/span>\n\t\t\t\t\t<\/span>\n\t\t\t\t\t<\/a>\n\t\t\t\t<\/div>\n\t\t\t\t\t\t\t\t<\/div>\n\t\t\t\t<\/div>\n\t\t\t\t<div class=\"elementor-element elementor-element-31ced7c elementor-widget elementor-widget-text-editor\" data-id=\"31ced7c\" data-element_type=\"widget\" data-e-type=\"widget\" data-widget_type=\"text-editor.default\">\n\t\t\t\t<div class=\"elementor-widget-container\">\n\t\t\t\t\t\t\t\t\t<p>Un endroit parfait pour vivre une exp\u00e9rience passionnante en famille ou entre amis. Les expositions de marionnettes constituent une pr\u00e9sentation fascinante de l\u2019histoire et de la diversit\u00e9 de cet art mill\u00e9naire. Jeux et spectacles permettent aux visiteurs d&#039;apprendre et de s&#039;amuser en m\u00eame temps.<\/p>\t\t\t\t\t\t\t\t<\/div>\n\t\t\t\t<\/div>\n\t\t\t\t\t<\/div>\n\t\t<\/div>\n\t\t\t\t\t<\/div>\n\t\t<\/section>\n\t\t\t\t<\/div>","protected":false},"excerpt":{"rendered":"<p>Titelles, emocions i natura Vine a con\u00e8ixer-nos Les nostres visites s&#8217;adapten a les necessitats de cada grup. Professionalitat en cada detall. Una experi\u00e8ncia educativa \u00fanica a Catalunya, perfectament adaptada per a estudiants de tots els nivells educatius. El museu ofereix una oportunitat singular per treballar els valors, la creativitat i les emocions a trav\u00e9s del [&hellip;]<\/p>\n","protected":false},"author":15,"featured_media":0,"parent":0,"menu_order":0,"comment_status":"closed","ping_status":"closed","template":"elementor_header_footer","meta":{"footnotes":""},"class_list":["post-13045","page","type-page","status-publish","hentry"],"amp_enabled":false,"_links":{"self":[{"href":"https:\/\/www.museudetitelles.com\/fr\/wp-json\/wp\/v2\/pages\/13045","targetHints":{"allow":["GET"]}}],"collection":[{"href":"https:\/\/www.museudetitelles.com\/fr\/wp-json\/wp\/v2\/pages"}],"about":[{"href":"https:\/\/www.museudetitelles.com\/fr\/wp-json\/wp\/v2\/types\/page"}],"author":[{"embeddable":true,"href":"https:\/\/www.museudetitelles.com\/fr\/wp-json\/wp\/v2\/users\/15"}],"replies":[{"embeddable":true,"href":"https:\/\/www.museudetitelles.com\/fr\/wp-json\/wp\/v2\/comments?post=13045"}],"version-history":[{"count":93,"href":"https:\/\/www.museudetitelles.com\/fr\/wp-json\/wp\/v2\/pages\/13045\/revisions"}],"predecessor-version":[{"id":15192,"href":"https:\/\/www.museudetitelles.com\/fr\/wp-json\/wp\/v2\/pages\/13045\/revisions\/15192"}],"wp:attachment":[{"href":"https:\/\/www.museudetitelles.com\/fr\/wp-json\/wp\/v2\/media?parent=13045"}],"curies":[{"name":"wp","href":"https:\/\/api.w.org\/{rel}","templated":true}]}}