{"id":12877,"date":"2023-09-10T13:04:34","date_gmt":"2023-09-10T11:04:34","guid":{"rendered":"https:\/\/www.museudetitelles.com\/?page_id=12877"},"modified":"2023-09-12T21:08:33","modified_gmt":"2023-09-12T19:08:33","slug":"titella-i-terapia","status":"publish","type":"page","link":"https:\/\/www.museudetitelles.com\/fr\/titella-i-terapia\/","title":{"rendered":"MARIONNETTE ET TH\u00c9RAPIE"},"content":{"rendered":"<div data-elementor-type=\"wp-page\" data-elementor-id=\"12877\" class=\"elementor elementor-12877\" data-elementor-post-type=\"page\">\n\t\t\t\t\t\t<section class=\"elementor-section elementor-top-section elementor-element elementor-element-5ca87253 elementor-section-stretched elementor-section-boxed elementor-section-height-default elementor-section-height-default\" data-id=\"5ca87253\" data-element_type=\"section\" data-e-type=\"section\" data-settings=\"{&quot;stretch_section&quot;:&quot;section-stretched&quot;,&quot;background_background&quot;:&quot;classic&quot;}\">\n\t\t\t\t\t\t\t<div class=\"elementor-background-overlay\"><\/div>\n\t\t\t\t\t\t\t<div class=\"elementor-container elementor-column-gap-default\">\n\t\t\t\t\t<div class=\"elementor-column elementor-col-100 elementor-top-column elementor-element elementor-element-61bbfcb\" data-id=\"61bbfcb\" data-element_type=\"column\" data-e-type=\"column\">\n\t\t\t<div class=\"elementor-widget-wrap elementor-element-populated\">\n\t\t\t\t\t\t<section class=\"elementor-section elementor-inner-section elementor-element elementor-element-62bd4f9 elementor-section-boxed elementor-section-height-default elementor-section-height-default\" data-id=\"62bd4f9\" data-element_type=\"section\" data-e-type=\"section\" data-settings=\"{&quot;background_background&quot;:&quot;classic&quot;}\">\n\t\t\t\t\t\t<div class=\"elementor-container elementor-column-gap-default\">\n\t\t\t\t\t<div class=\"elementor-column elementor-col-100 elementor-inner-column elementor-element elementor-element-0a92581\" data-id=\"0a92581\" data-element_type=\"column\" data-e-type=\"column\" data-settings=\"{&quot;background_background&quot;:&quot;classic&quot;,&quot;animation&quot;:&quot;none&quot;,&quot;animation_delay&quot;:300}\">\n\t\t\t<div class=\"elementor-widget-wrap elementor-element-populated\">\n\t\t\t\t\t\t<div class=\"elementor-element elementor-element-7fb39e2 elementor-widget elementor-widget-heading\" data-id=\"7fb39e2\" data-element_type=\"widget\" data-e-type=\"widget\" data-widget_type=\"heading.default\">\n\t\t\t\t<div class=\"elementor-widget-container\">\n\t\t\t\t\t<h5 class=\"elementor-heading-title elementor-size-default\">M\u00e9diateurs d&#039;\u00e9motions<\/h5>\t\t\t\t<\/div>\n\t\t\t\t<\/div>\n\t\t\t\t\t<\/div>\n\t\t<\/div>\n\t\t\t\t\t<\/div>\n\t\t<\/section>\n\t\t\t\t<div class=\"elementor-element elementor-element-238f34a elementor-widget elementor-widget-heading\" data-id=\"238f34a\" data-element_type=\"widget\" data-e-type=\"widget\" data-settings=\"{&quot;_animation&quot;:&quot;none&quot;,&quot;_animation_delay&quot;:400}\" data-widget_type=\"heading.default\">\n\t\t\t\t<div class=\"elementor-widget-container\">\n\t\t\t\t\t<h2 class=\"elementor-heading-title elementor-size-default\">Th\u00e9rapie et \u00e9ducation avec des marionnettes<\/h2>\t\t\t\t<\/div>\n\t\t\t\t<\/div>\n\t\t\t\t<div class=\"elementor-element elementor-element-1137329 elementor-widget elementor-widget-text-editor\" data-id=\"1137329\" data-element_type=\"widget\" data-e-type=\"widget\" data-settings=\"{&quot;_animation&quot;:&quot;none&quot;,&quot;_animation_delay&quot;:500}\" data-widget_type=\"text-editor.default\">\n\t\t\t\t<div class=\"elementor-widget-container\">\n\t\t\t\t\t\t\t\t\t<p>Une technique th\u00e9rapeutique et \u00e9ducative qui utilise la marionnette comme ressource<\/p>\t\t\t\t\t\t\t\t<\/div>\n\t\t\t\t<\/div>\n\t\t\t\t\t<\/div>\n\t\t<\/div>\n\t\t\t\t\t<\/div>\n\t\t<\/section>\n\t\t\t\t<section class=\"elementor-section elementor-top-section elementor-element elementor-element-98b9bcd elementor-section-boxed elementor-section-height-default elementor-section-height-default\" data-id=\"98b9bcd\" data-element_type=\"section\" data-e-type=\"section\">\n\t\t\t\t\t\t<div class=\"elementor-container elementor-column-gap-default\">\n\t\t\t\t\t<div class=\"elementor-column elementor-col-100 elementor-top-column elementor-element elementor-element-dee8b1a\" data-id=\"dee8b1a\" data-element_type=\"column\" data-e-type=\"column\">\n\t\t\t<div class=\"elementor-widget-wrap elementor-element-populated\">\n\t\t\t\t\t\t<div class=\"elementor-element elementor-element-8f64b33 elementor-widget elementor-widget-spacer\" data-id=\"8f64b33\" data-element_type=\"widget\" data-e-type=\"widget\" data-widget_type=\"spacer.default\">\n\t\t\t\t<div class=\"elementor-widget-container\">\n\t\t\t\t\t\t\t<div class=\"elementor-spacer\">\n\t\t\t<div class=\"elementor-spacer-inner\"><\/div>\n\t\t<\/div>\n\t\t\t\t\t\t<\/div>\n\t\t\t\t<\/div>\n\t\t\t\t\t<\/div>\n\t\t<\/div>\n\t\t\t\t\t<\/div>\n\t\t<\/section>\n\t\t\t\t<section class=\"elementor-section elementor-top-section elementor-element elementor-element-c158114 elementor-section-boxed elementor-section-height-default elementor-section-height-default\" data-id=\"c158114\" data-element_type=\"section\" data-e-type=\"section\">\n\t\t\t\t\t\t<div class=\"elementor-container elementor-column-gap-extended\">\n\t\t\t\t\t<div class=\"elementor-column elementor-col-33 elementor-top-column elementor-element elementor-element-1f06d89\" data-id=\"1f06d89\" data-element_type=\"column\" data-e-type=\"column\">\n\t\t\t<div class=\"elementor-widget-wrap elementor-element-populated\">\n\t\t\t\t\t\t<div class=\"elementor-element elementor-element-79899d4 elementor-widget elementor-widget-image\" data-id=\"79899d4\" data-element_type=\"widget\" data-e-type=\"widget\" data-widget_type=\"image.default\">\n\t\t\t\t<div class=\"elementor-widget-container\">\n\t\t\t\t\t\t\t\t\t\t\t\t\t\t\t\t<a href=\"https:\/\/bit.ly\/3lHtWEJ\" target=\"_blank\" rel=\"noopener\">\n\t\t\t\t\t\t\t<img fetchpriority=\"high\" decoding=\"async\" width=\"500\" height=\"500\" src=\"https:\/\/www.museudetitelles.com\/wp-content\/uploads\/2023\/09\/associacio-titella-i-terapia.png\" class=\"elementor-animation-shrink attachment-full size-full wp-image-13035\" alt=\"associacio\u0301 titella i terapia\" srcset=\"https:\/\/www.museudetitelles.com\/wp-content\/uploads\/2023\/09\/associacio-titella-i-terapia.png 500w, https:\/\/www.museudetitelles.com\/wp-content\/uploads\/2023\/09\/associacio-titella-i-terapia-300x300.png 300w, https:\/\/www.museudetitelles.com\/wp-content\/uploads\/2023\/09\/associacio-titella-i-terapia-150x150.png 150w, https:\/\/www.museudetitelles.com\/wp-content\/uploads\/2023\/09\/associacio-titella-i-terapia-12x12.png 12w, https:\/\/www.museudetitelles.com\/wp-content\/uploads\/2023\/09\/associacio-titella-i-terapia-250x250.png 250w\" sizes=\"(max-width: 500px) 100vw, 500px\" \/>\t\t\t\t\t\t\t\t<\/a>\n\t\t\t\t\t\t\t\t\t\t\t\t\t\t\t<\/div>\n\t\t\t\t<\/div>\n\t\t\t\t<div class=\"elementor-element elementor-element-0c01f4d elementor-widget elementor-widget-heading\" data-id=\"0c01f4d\" data-element_type=\"widget\" data-e-type=\"widget\" data-widget_type=\"heading.default\">\n\t\t\t\t<div class=\"elementor-widget-container\">\n\t\t\t\t\t<h2 class=\"elementor-heading-title elementor-size-default\"><a href=\"https:\/\/bit.ly\/3lHtWEJ\" target=\"_blank\" rel=\"noopener\">ASSOCIATION<\/a><\/h2>\t\t\t\t<\/div>\n\t\t\t\t<\/div>\n\t\t\t\t<div class=\"elementor-element elementor-element-d1c2834 elementor-widget elementor-widget-text-editor\" data-id=\"d1c2834\" data-element_type=\"widget\" data-e-type=\"widget\" data-widget_type=\"text-editor.default\">\n\t\t\t\t<div class=\"elementor-widget-container\">\n\t\t\t\t\t\t\t\t\t<p>Un organisme qui contribue au d\u00e9veloppement, \u00e0 la recherche et \u00e0 la diffusion des marionnettes comme outil th\u00e9rapeutique, \u00e9ducatif et de r\u00e9insertion sociale.<\/p>\t\t\t\t\t\t\t\t<\/div>\n\t\t\t\t<\/div>\n\t\t\t\t\t<\/div>\n\t\t<\/div>\n\t\t\t\t<div class=\"elementor-column elementor-col-33 elementor-top-column elementor-element elementor-element-8dbcf68\" data-id=\"8dbcf68\" data-element_type=\"column\" data-e-type=\"column\">\n\t\t\t<div class=\"elementor-widget-wrap elementor-element-populated\">\n\t\t\t\t\t\t<div class=\"elementor-element elementor-element-c17fec8 elementor-widget elementor-widget-image\" data-id=\"c17fec8\" data-element_type=\"widget\" data-e-type=\"widget\" data-widget_type=\"image.default\">\n\t\t\t\t<div class=\"elementor-widget-container\">\n\t\t\t\t\t\t\t\t\t\t\t\t\t\t\t\t<a href=\"https:\/\/bit.ly\/3PxNvf6\" target=\"_blank\" rel=\"noopener\">\n\t\t\t\t\t\t\t<img decoding=\"async\" width=\"500\" height=\"500\" src=\"https:\/\/www.museudetitelles.com\/wp-content\/uploads\/2023\/09\/activitats-titella-i-terapia.jpg\" class=\"elementor-animation-shrink attachment-full size-full wp-image-13036\" alt=\"activitats titella i terapia\" srcset=\"https:\/\/www.museudetitelles.com\/wp-content\/uploads\/2023\/09\/activitats-titella-i-terapia.jpg 500w, https:\/\/www.museudetitelles.com\/wp-content\/uploads\/2023\/09\/activitats-titella-i-terapia-300x300.jpg 300w, https:\/\/www.museudetitelles.com\/wp-content\/uploads\/2023\/09\/activitats-titella-i-terapia-150x150.jpg 150w, https:\/\/www.museudetitelles.com\/wp-content\/uploads\/2023\/09\/activitats-titella-i-terapia-12x12.jpg 12w, https:\/\/www.museudetitelles.com\/wp-content\/uploads\/2023\/09\/activitats-titella-i-terapia-250x250.jpg 250w\" sizes=\"(max-width: 500px) 100vw, 500px\" \/>\t\t\t\t\t\t\t\t<\/a>\n\t\t\t\t\t\t\t\t\t\t\t\t\t\t\t<\/div>\n\t\t\t\t<\/div>\n\t\t\t\t<div class=\"elementor-element elementor-element-4012bc1 elementor-widget elementor-widget-heading\" data-id=\"4012bc1\" data-element_type=\"widget\" data-e-type=\"widget\" data-widget_type=\"heading.default\">\n\t\t\t\t<div class=\"elementor-widget-container\">\n\t\t\t\t\t<h2 class=\"elementor-heading-title elementor-size-default\"><a href=\"https:\/\/bit.ly\/3PxNvf6\" target=\"_blank\" rel=\"noopener\">ACTIVIT\u00c9S<\/a><\/h2>\t\t\t\t<\/div>\n\t\t\t\t<\/div>\n\t\t\t\t<div class=\"elementor-element elementor-element-636ea9c elementor-widget elementor-widget-text-editor\" data-id=\"636ea9c\" data-element_type=\"widget\" data-e-type=\"widget\" data-widget_type=\"text-editor.default\">\n\t\t\t\t<div class=\"elementor-widget-container\">\n\t\t\t\t\t\t\t\t\t<p>Formations, ateliers, conf\u00e9rences et expositions afin de faciliter une meilleure connaissance sociale des applications \u00e9ducatives et th\u00e9rapeutiques des marionnettes<\/p>\t\t\t\t\t\t\t\t<\/div>\n\t\t\t\t<\/div>\n\t\t\t\t\t<\/div>\n\t\t<\/div>\n\t\t\t\t<div class=\"elementor-column elementor-col-33 elementor-top-column elementor-element elementor-element-71ff387\" data-id=\"71ff387\" data-element_type=\"column\" data-e-type=\"column\">\n\t\t\t<div class=\"elementor-widget-wrap elementor-element-populated\">\n\t\t\t\t\t\t<div class=\"elementor-element elementor-element-ca7eb50 elementor-widget elementor-widget-image\" data-id=\"ca7eb50\" data-element_type=\"widget\" data-e-type=\"widget\" data-widget_type=\"image.default\">\n\t\t\t\t<div class=\"elementor-widget-container\">\n\t\t\t\t\t\t\t\t\t\t\t\t\t\t\t\t<a href=\"https:\/\/bit.ly\/3RlAl6p\" target=\"_blank\" rel=\"noopener\">\n\t\t\t\t\t\t\t<img decoding=\"async\" width=\"500\" height=\"500\" src=\"https:\/\/www.museudetitelles.com\/wp-content\/uploads\/2023\/09\/experiencies-titella-i-terapia.jpg\" class=\"elementor-animation-shrink attachment-full size-full wp-image-13037\" alt=\"\" srcset=\"https:\/\/www.museudetitelles.com\/wp-content\/uploads\/2023\/09\/experiencies-titella-i-terapia.jpg 500w, https:\/\/www.museudetitelles.com\/wp-content\/uploads\/2023\/09\/experiencies-titella-i-terapia-300x300.jpg 300w, https:\/\/www.museudetitelles.com\/wp-content\/uploads\/2023\/09\/experiencies-titella-i-terapia-150x150.jpg 150w, https:\/\/www.museudetitelles.com\/wp-content\/uploads\/2023\/09\/experiencies-titella-i-terapia-12x12.jpg 12w, https:\/\/www.museudetitelles.com\/wp-content\/uploads\/2023\/09\/experiencies-titella-i-terapia-250x250.jpg 250w\" sizes=\"(max-width: 500px) 100vw, 500px\">\t\t\t\t\t\t\t\t<\/a>\n\t\t\t\t\t\t\t\t\t\t\t\t\t\t\t<\/div>\n\t\t\t\t<\/div>\n\t\t\t\t<div class=\"elementor-element elementor-element-2a11932 elementor-widget elementor-widget-heading\" data-id=\"2a11932\" data-element_type=\"widget\" data-e-type=\"widget\" data-widget_type=\"heading.default\">\n\t\t\t\t<div class=\"elementor-widget-container\">\n\t\t\t\t\t<h2 class=\"elementor-heading-title elementor-size-default\"><a href=\"https:\/\/bit.ly\/3RlAl6p\" target=\"_blank\" rel=\"noopener\">EXP\u00c9RIENCES<\/a><\/h2>\t\t\t\t<\/div>\n\t\t\t\t<\/div>\n\t\t\t\t<div class=\"elementor-element elementor-element-03ac89c elementor-widget elementor-widget-text-editor\" data-id=\"03ac89c\" data-element_type=\"widget\" data-e-type=\"widget\" data-widget_type=\"text-editor.default\">\n\t\t\t\t<div class=\"elementor-widget-container\">\n\t\t\t\t\t\t\t\t\t<p>Exp\u00e9riences collectives d&#039;organisations et de personnes ayant travaill\u00e9 avec l&#039;aide de marionnettes dans leurs activit\u00e9s \u00e9ducatives et th\u00e9rapeutiques<\/p>\t\t\t\t\t\t\t\t<\/div>\n\t\t\t\t<\/div>\n\t\t\t\t\t<\/div>\n\t\t<\/div>\n\t\t\t\t\t<\/div>\n\t\t<\/section>\n\t\t\t\t<\/div>","protected":false},"excerpt":{"rendered":"<p>Mediadors de les emocions Ter\u00e0pia i educaci\u00f3 amb els titelles Un t\u00e8cnica terap\u00e8utica i educativa que utilitza el titella com a recurs Una entitat que contribueix al desenvolupament, investigaci\u00f3 i divulgaci\u00f3 dels titelles com a eina terap\u00e8utica, educativa i de reinserci\u00f3 social Formaci\u00f3, jornades de treball, confer\u00e8ncies i exposicions per tal de facilitar un millor [&hellip;]<\/p>\n","protected":false},"author":15,"featured_media":0,"parent":0,"menu_order":0,"comment_status":"closed","ping_status":"closed","template":"elementor_header_footer","meta":{"footnotes":""},"class_list":["post-12877","page","type-page","status-publish","hentry"],"amp_enabled":false,"_links":{"self":[{"href":"https:\/\/www.museudetitelles.com\/fr\/wp-json\/wp\/v2\/pages\/12877","targetHints":{"allow":["GET"]}}],"collection":[{"href":"https:\/\/www.museudetitelles.com\/fr\/wp-json\/wp\/v2\/pages"}],"about":[{"href":"https:\/\/www.museudetitelles.com\/fr\/wp-json\/wp\/v2\/types\/page"}],"author":[{"embeddable":true,"href":"https:\/\/www.museudetitelles.com\/fr\/wp-json\/wp\/v2\/users\/15"}],"replies":[{"embeddable":true,"href":"https:\/\/www.museudetitelles.com\/fr\/wp-json\/wp\/v2\/comments?post=12877"}],"version-history":[{"count":87,"href":"https:\/\/www.museudetitelles.com\/fr\/wp-json\/wp\/v2\/pages\/12877\/revisions"}],"predecessor-version":[{"id":13495,"href":"https:\/\/www.museudetitelles.com\/fr\/wp-json\/wp\/v2\/pages\/12877\/revisions\/13495"}],"wp:attachment":[{"href":"https:\/\/www.museudetitelles.com\/fr\/wp-json\/wp\/v2\/media?parent=12877"}],"curies":[{"name":"wp","href":"https:\/\/api.w.org\/{rel}","templated":true}]}}