{"id":2080,"date":"2022-03-28T10:13:11","date_gmt":"2022-03-28T09:13:11","guid":{"rendered":"https:\/\/www.museudetitelles.com\/?page_id=2080"},"modified":"2024-02-18T07:57:59","modified_gmt":"2024-02-18T06:57:59","slug":"activitats-accesibles","status":"publish","type":"page","link":"https:\/\/www.museudetitelles.com\/es\/activitats-accesibles\/","title":{"rendered":"Accesibilidad"},"content":{"rendered":"<div data-elementor-type=\"wp-page\" data-elementor-id=\"2080\" class=\"elementor elementor-2080\" data-elementor-post-type=\"page\">\n\t\t\t\t\t\t<section class=\"elementor-section elementor-top-section elementor-element elementor-element-4ab20ef elementor-section-boxed elementor-section-height-default elementor-section-height-default\" data-id=\"4ab20ef\" data-element_type=\"section\" data-e-type=\"section\" data-settings=\"{&quot;background_background&quot;:&quot;classic&quot;}\">\n\t\t\t\t\t\t<div class=\"elementor-container elementor-column-gap-default\">\n\t\t\t\t\t<div class=\"elementor-column elementor-col-100 elementor-top-column elementor-element elementor-element-bf5a38c elementor-invisible\" data-id=\"bf5a38c\" data-element_type=\"column\" data-e-type=\"column\" data-settings=\"{&quot;background_background&quot;:&quot;classic&quot;,&quot;animation&quot;:&quot;fadeInRight&quot;}\">\n\t\t\t<div class=\"elementor-widget-wrap elementor-element-populated\">\n\t\t\t\t\t\t<div class=\"elementor-element elementor-element-265787a elementor-widget elementor-widget-heading\" data-id=\"265787a\" data-element_type=\"widget\" data-e-type=\"widget\" data-widget_type=\"heading.default\">\n\t\t\t\t<div class=\"elementor-widget-container\">\n\t\t\t\t\t<h1 class=\"elementor-heading-title elementor-size-default\">Accesibilidad<\/h1>\t\t\t\t<\/div>\n\t\t\t\t<\/div>\n\t\t\t\t\t<\/div>\n\t\t<\/div>\n\t\t\t\t\t<\/div>\n\t\t<\/section>\n\t\t\t\t<section class=\"elementor-section elementor-top-section elementor-element elementor-element-3576ef4 elementor-section-stretched elementor-section-full_width elementor-section-height-default elementor-section-height-default\" data-id=\"3576ef4\" data-element_type=\"section\" data-e-type=\"section\" data-settings=\"{&quot;stretch_section&quot;:&quot;section-stretched&quot;}\">\n\t\t\t\t\t\t<div class=\"elementor-container elementor-column-gap-default\">\n\t\t\t\t\t<div class=\"elementor-column elementor-col-100 elementor-top-column elementor-element elementor-element-42b4478\" data-id=\"42b4478\" data-element_type=\"column\" data-e-type=\"column\">\n\t\t\t<div class=\"elementor-widget-wrap elementor-element-populated\">\n\t\t\t\t\t\t<section class=\"elementor-section elementor-inner-section elementor-element elementor-element-5c09dc5 elementor-section-boxed elementor-section-height-default elementor-section-height-default\" data-id=\"5c09dc5\" data-element_type=\"section\" data-e-type=\"section\">\n\t\t\t\t\t\t<div class=\"elementor-container elementor-column-gap-default\">\n\t\t\t\t\t<div class=\"elementor-column elementor-col-50 elementor-inner-column elementor-element elementor-element-0976582\" data-id=\"0976582\" data-element_type=\"column\" data-e-type=\"column\">\n\t\t\t<div class=\"elementor-widget-wrap elementor-element-populated\">\n\t\t\t\t\t\t<div class=\"elementor-element elementor-element-eb0b177 elementor-widget elementor-widget-image\" data-id=\"eb0b177\" data-element_type=\"widget\" data-e-type=\"widget\" data-widget_type=\"image.default\">\n\t\t\t\t<div class=\"elementor-widget-container\">\n\t\t\t\t\t\t\t\t\t\t\t\t\t\t\t<img decoding=\"async\" width=\"90\" height=\"7\" src=\"https:\/\/www.museudetitelles.com\/wp-content\/uploads\/2021\/10\/divider.png\" class=\"attachment-full size-full wp-image-71\" alt=\"divisi\u00f3 p\u00e0gina museu\" \/>\t\t\t\t\t\t\t\t\t\t\t\t\t\t\t<\/div>\n\t\t\t\t<\/div>\n\t\t\t\t<div class=\"elementor-element elementor-element-de1f7c7 elementor-widget elementor-widget-heading\" data-id=\"de1f7c7\" data-element_type=\"widget\" data-e-type=\"widget\" data-widget_type=\"heading.default\">\n\t\t\t\t<div class=\"elementor-widget-container\">\n\t\t\t\t\t<h6 class=\"elementor-heading-title elementor-size-default\">Tenemos la voluntad de conseguir un museo con una mirada abierta, ofreciendo un abanico de actividades dirigidas a un p\u00fablico muy diverso. La cultura es para todos, y queremos contribuir a una sociedad m\u00e1s justa, m\u00e1s igualitaria y m\u00e1s inclusiva.<\/h6>\t\t\t\t<\/div>\n\t\t\t\t<\/div>\n\t\t\t\t<div class=\"elementor-element elementor-element-d74d4bc elementor-widget elementor-widget-text-editor\" data-id=\"d74d4bc\" data-element_type=\"widget\" data-e-type=\"widget\" data-widget_type=\"text-editor.default\">\n\t\t\t\t<div class=\"elementor-widget-container\">\n\t\t\t\t\t\t\t\t\t<p class=\"p1\"><span class=\"s1\">Realizamos actividades dirigidas a personas de culturas y realidades diversas, apoyando la lucha contra las desigualdades de forma efectiva, y sobre todo creativa. Como algunos colectivos necesitan recursos m\u00e1s espec\u00edficos por sus circunstancias colaboraremos con el programa <a href=\"https:\/\/www.apropacultura.cat\/\" target=\"_blank\" rel=\"noopener\"><span class=\"s2\">Acerca Cultura<\/span><\/a>, que ofrece propuestas para grupos con diversidad funcional y personas en riesgo de exclusi\u00f3n social.<\/span><\/p><p>Desde el<span style=\"text-decoration: underline;\"><strong><a href=\"https:\/\/www.museudetitelles.com\/es\/titella-i-terapia\/\">Asociaci\u00f3n T\u00edtere y Terapia de Catalu\u00f1a,<\/a><\/strong><\/span> que tiene su sede en el museo, se organizan actividades para ni\u00f1os, j\u00f3venes y adultos con discapacidad, riesgo de exclusi\u00f3n social, abuelos y abuelas\u2026<\/p><p>Son una excelente forma de fomentar la inclusi\u00f3n social y la diversidad, creando un ambiente en el que todos se sienten aceptados y valorados, desarrollando nuevas habilidades y fortaleciendo las existentes y fomentan la autonom\u00eda y la autoestima.<\/p><p>Participar en estas actividades con otras personas brinda la oportunidad de socializar, crear lazos de amistad y sentirse parte de un grupo.<\/p><p>Se experimentan nuevas sensaciones y emociones positivas aprendiendo de forma pr\u00e1ctica conocimientos y habilidades que les ser\u00e1n \u00fatiles en su vida diaria.<\/p>\t\t\t\t\t\t\t\t<\/div>\n\t\t\t\t<\/div>\n\t\t\t\t\t<\/div>\n\t\t<\/div>\n\t\t\t\t<div class=\"elementor-column elementor-col-50 elementor-inner-column elementor-element elementor-element-1ba2ea2\" data-id=\"1ba2ea2\" data-element_type=\"column\" data-e-type=\"column\">\n\t\t\t<div class=\"elementor-widget-wrap elementor-element-populated\">\n\t\t\t\t\t\t<div class=\"elementor-element elementor-element-11b59db elementor-pagination-position-inside elementor-widget elementor-widget-image-carousel\" data-id=\"11b59db\" data-element_type=\"widget\" data-e-type=\"widget\" data-settings=\"{&quot;slides_to_show&quot;:&quot;1&quot;,&quot;navigation&quot;:&quot;dots&quot;,&quot;effect&quot;:&quot;fade&quot;,&quot;autoplay&quot;:&quot;yes&quot;,&quot;pause_on_hover&quot;:&quot;yes&quot;,&quot;pause_on_interaction&quot;:&quot;yes&quot;,&quot;autoplay_speed&quot;:5000,&quot;infinite&quot;:&quot;yes&quot;,&quot;speed&quot;:500}\" data-widget_type=\"image-carousel.default\">\n\t\t\t\t<div class=\"elementor-widget-container\">\n\t\t\t\t\t\t\t<div class=\"elementor-image-carousel-wrapper swiper\" role=\"region\" aria-roledescription=\"carousel\" aria-label=\"Carrusel de im\u00e1genes\" dir=\"ltr\" data-no-translation-aria-label=\"\">\n\t\t\t<div class=\"elementor-image-carousel swiper-wrapper\" aria-live=\"off\">\n\t\t\t\t\t\t\t\t<div class=\"swiper-slide\" role=\"group\" aria-roledescription=\"slide\" aria-label=\"1 de 4\" data-no-translation-aria-label=\"\"><figure class=\"swiper-slide-inner\"><img decoding=\"async\" class=\"swiper-slide-image\" src=\"https:\/\/www.museudetitelles.com\/wp-content\/uploads\/elementor\/thumbs\/pexels-angela-roma-7480092-scaled-po9nrbrxm7xy6vopa65wxpgt6d9glzua4e7k0f5kcg.jpg\" alt=\"Accesibilitat museu de titelles\" \/><\/figure><\/div><div class=\"swiper-slide\" role=\"group\" aria-roledescription=\"slide\" aria-label=\"2 de 4\" data-no-translation-aria-label=\"\"><figure class=\"swiper-slide-inner\"><img decoding=\"async\" class=\"swiper-slide-image\" src=\"https:\/\/www.museudetitelles.com\/wp-content\/uploads\/elementor\/thumbs\/pexels-cottonbro-10211662-1-pmiztd5mcc5h37hvrzmdqrn0c6jj5c1jklt6xfwkzk.jpg\" alt=\"Residencies Museu de titelles\" \/><\/figure><\/div><div class=\"swiper-slide\" role=\"group\" aria-roledescription=\"slide\" aria-label=\"3 de 4\" data-no-translation-aria-label=\"\"><figure class=\"swiper-slide-inner\"><img decoding=\"async\" class=\"swiper-slide-image\" src=\"https:\/\/www.museudetitelles.com\/wp-content\/uploads\/elementor\/thumbs\/pexels-cottonbro-6321926-pmj08wflarf2z6xi27degci9sfyxd8pu1hz3h2vc5c.jpg\" alt=\"llenguatge de signes museu de titelles\" \/><\/figure><\/div><div class=\"swiper-slide\" role=\"group\" aria-roledescription=\"slide\" aria-label=\"4 de 4\" data-no-translation-aria-label=\"\"><figure class=\"swiper-slide-inner\"><img decoding=\"async\" class=\"swiper-slide-image\" src=\"https:\/\/www.museudetitelles.com\/wp-content\/uploads\/2022\/03\/pexels-cottonbro-8541544-2.jpg\" alt=\"\"><\/figure><\/div>\t\t\t<\/div>\n\t\t\t\t\t\t\t\n\t\t\t\t\t\t\t\t\t<div class=\"swiper-pagination\"><\/div>\n\t\t\t\t\t\t\t\t\t<\/div>\n\t\t\t\t\t\t<\/div>\n\t\t\t\t<\/div>\n\t\t\t\t\t<\/div>\n\t\t<\/div>\n\t\t\t\t\t<\/div>\n\t\t<\/section>\n\t\t\t\t<section class=\"elementor-section elementor-inner-section elementor-element elementor-element-1e01662 elementor-section-full_width elementor-section-height-default elementor-section-height-default\" data-id=\"1e01662\" data-element_type=\"section\" data-e-type=\"section\">\n\t\t\t\t\t\t<div class=\"elementor-container elementor-column-gap-no\">\n\t\t\t\t\t<div class=\"elementor-column elementor-col-50 elementor-inner-column elementor-element elementor-element-ef798dc\" data-id=\"ef798dc\" data-element_type=\"column\" data-e-type=\"column\" data-settings=\"{&quot;background_background&quot;:&quot;classic&quot;}\">\n\t\t\t<div class=\"elementor-widget-wrap elementor-element-populated\">\n\t\t\t\t\t\t<div class=\"elementor-element elementor-element-c57adc6 elementor-align-right elementor-tablet-align-center elementor-invisible elementor-widget elementor-widget-button\" data-id=\"c57adc6\" data-element_type=\"widget\" data-e-type=\"widget\" data-settings=\"{&quot;_animation&quot;:&quot;fadeInLeft&quot;,&quot;_animation_delay&quot;:500}\" data-widget_type=\"button.default\">\n\t\t\t\t<div class=\"elementor-widget-container\">\n\t\t\t\t\t\t\t\t\t<div class=\"elementor-button-wrapper\">\n\t\t\t\t\t<a class=\"elementor-button elementor-button-link elementor-size-sm\" href=\"https:\/\/www.museudetitelles.com\/es\/formulari\/\">\n\t\t\t\t\t\t<span class=\"elementor-button-content-wrapper\">\n\t\t\t\t\t\t\t\t\t<span class=\"elementor-button-text\">vis\u00edtenos<\/span>\n\t\t\t\t\t<\/span>\n\t\t\t\t\t<\/a>\n\t\t\t\t<\/div>\n\t\t\t\t\t\t\t\t<\/div>\n\t\t\t\t<\/div>\n\t\t\t\t\t<\/div>\n\t\t<\/div>\n\t\t\t\t<div class=\"elementor-column elementor-col-50 elementor-inner-column elementor-element elementor-element-c80e47c\" data-id=\"c80e47c\" data-element_type=\"column\" data-e-type=\"column\">\n\t\t\t<div class=\"elementor-widget-wrap\">\n\t\t\t\t\t\t\t<\/div>\n\t\t<\/div>\n\t\t\t\t\t<\/div>\n\t\t<\/section>\n\t\t\t\t\t<\/div>\n\t\t<\/div>\n\t\t\t\t\t<\/div>\n\t\t<\/section>\n\t\t\t\t<\/div>","protected":false},"excerpt":{"rendered":"<p>Accessibilitat Tenim la voluntat d&#8217;aconseguir un museu amb una mirada oberta, oferint un ventall d&#8217;activitats adre\u00e7ades a un p\u00fablic molt divers. La cultura \u00e9s per tothom, i volem contribuir a una societat m\u00e9s justa, m\u00e9s igualit\u00e0ria i m\u00e9s inclusiva. Realitzem activitats adre\u00e7ades a persones de cultures i realitats diverses, recolzant la lluita contra les desigualtats [&hellip;]<\/p>\n","protected":false},"author":10,"featured_media":0,"parent":0,"menu_order":22,"comment_status":"closed","ping_status":"closed","template":"elementor_canvas","meta":{"footnotes":""},"class_list":["post-2080","page","type-page","status-publish","hentry"],"amp_enabled":false,"_links":{"self":[{"href":"https:\/\/www.museudetitelles.com\/es\/wp-json\/wp\/v2\/pages\/2080","targetHints":{"allow":["GET"]}}],"collection":[{"href":"https:\/\/www.museudetitelles.com\/es\/wp-json\/wp\/v2\/pages"}],"about":[{"href":"https:\/\/www.museudetitelles.com\/es\/wp-json\/wp\/v2\/types\/page"}],"author":[{"embeddable":true,"href":"https:\/\/www.museudetitelles.com\/es\/wp-json\/wp\/v2\/users\/10"}],"replies":[{"embeddable":true,"href":"https:\/\/www.museudetitelles.com\/es\/wp-json\/wp\/v2\/comments?post=2080"}],"version-history":[{"count":7,"href":"https:\/\/www.museudetitelles.com\/es\/wp-json\/wp\/v2\/pages\/2080\/revisions"}],"predecessor-version":[{"id":14196,"href":"https:\/\/www.museudetitelles.com\/es\/wp-json\/wp\/v2\/pages\/2080\/revisions\/14196"}],"wp:attachment":[{"href":"https:\/\/www.museudetitelles.com\/es\/wp-json\/wp\/v2\/media?parent=2080"}],"curies":[{"name":"wp","href":"https:\/\/api.w.org\/{rel}","templated":true}]}}