{"id":16556,"date":"2025-08-24T12:01:05","date_gmt":"2025-08-24T10:01:05","guid":{"rendered":"https:\/\/www.museudetitelles.com\/?page_id=16556"},"modified":"2025-08-24T13:46:09","modified_gmt":"2025-08-24T11:46:09","slug":"exposicions-itinerants","status":"publish","type":"page","link":"https:\/\/www.museudetitelles.com\/es\/activitats-al-museu-de-titelles\/exposicions-itinerants\/","title":{"rendered":"EXPOSICIONES ITINERANTES"},"content":{"rendered":"<div data-elementor-type=\"wp-page\" data-elementor-id=\"16556\" class=\"elementor elementor-16556\" data-elementor-post-type=\"page\">\n\t\t\t\t\t\t<section class=\"elementor-section elementor-top-section elementor-element elementor-element-127970a elementor-section-stretched elementor-section-boxed elementor-section-height-default elementor-section-height-default\" data-id=\"127970a\" data-element_type=\"section\" data-e-type=\"section\" data-settings=\"{&quot;stretch_section&quot;:&quot;section-stretched&quot;,&quot;background_background&quot;:&quot;classic&quot;}\">\n\t\t\t\t\t\t\t<div class=\"elementor-background-overlay\"><\/div>\n\t\t\t\t\t\t\t<div class=\"elementor-container elementor-column-gap-default\">\n\t\t\t\t\t<div class=\"elementor-column elementor-col-100 elementor-top-column elementor-element elementor-element-6f873dfa\" data-id=\"6f873dfa\" data-element_type=\"column\" data-e-type=\"column\">\n\t\t\t<div class=\"elementor-widget-wrap elementor-element-populated\">\n\t\t\t\t\t\t<section class=\"elementor-section elementor-inner-section elementor-element elementor-element-59c2a592 elementor-section-boxed elementor-section-height-default elementor-section-height-default\" data-id=\"59c2a592\" data-element_type=\"section\" data-e-type=\"section\" data-settings=\"{&quot;background_background&quot;:&quot;classic&quot;}\">\n\t\t\t\t\t\t<div class=\"elementor-container elementor-column-gap-default\">\n\t\t\t\t\t<div class=\"elementor-column elementor-col-100 elementor-inner-column elementor-element elementor-element-32fea9fa\" data-id=\"32fea9fa\" data-element_type=\"column\" data-e-type=\"column\" data-settings=\"{&quot;background_background&quot;:&quot;classic&quot;,&quot;animation&quot;:&quot;none&quot;,&quot;animation_delay&quot;:300}\">\n\t\t\t<div class=\"elementor-widget-wrap elementor-element-populated\">\n\t\t\t\t\t\t<div class=\"elementor-element elementor-element-54d3d109 elementor-widget elementor-widget-heading\" data-id=\"54d3d109\" data-element_type=\"widget\" data-e-type=\"widget\" data-widget_type=\"heading.default\">\n\t\t\t\t<div class=\"elementor-widget-container\">\n\t\t\t\t\t<h5 class=\"elementor-heading-title elementor-size-default\">Cuando el arte te viene a encontrar<\/h5>\t\t\t\t<\/div>\n\t\t\t\t<\/div>\n\t\t\t\t\t<\/div>\n\t\t<\/div>\n\t\t\t\t\t<\/div>\n\t\t<\/section>\n\t\t\t\t<div class=\"elementor-element elementor-element-491a00b0 elementor-widget elementor-widget-heading\" data-id=\"491a00b0\" data-element_type=\"widget\" data-e-type=\"widget\" data-settings=\"{&quot;_animation&quot;:&quot;none&quot;,&quot;_animation_delay&quot;:400}\" data-widget_type=\"heading.default\">\n\t\t\t\t<div class=\"elementor-widget-container\">\n\t\t\t\t\t<h2 class=\"elementor-heading-title elementor-size-default\">Exposiciones Itinerantes<\/h2>\t\t\t\t<\/div>\n\t\t\t\t<\/div>\n\t\t\t\t<div class=\"elementor-element elementor-element-13c6883f elementor-widget elementor-widget-text-editor\" data-id=\"13c6883f\" data-element_type=\"widget\" data-e-type=\"widget\" data-settings=\"{&quot;_animation&quot;:&quot;none&quot;,&quot;_animation_delay&quot;:500}\" data-widget_type=\"text-editor.default\">\n\t\t\t\t<div class=\"elementor-widget-container\">\n\t\t\t\t\t\t\t\t\t<p data-start=\"207\" data-end=\"276\"><strong data-start=\"207\" data-end=\"274\">Cultura y patrimonio en movimiento<\/strong><\/p>\t\t\t\t\t\t\t\t<\/div>\n\t\t\t\t<\/div>\n\t\t\t\t\t<\/div>\n\t\t<\/div>\n\t\t\t\t\t<\/div>\n\t\t<\/section>\n\t\t\t\t<section class=\"elementor-section elementor-top-section elementor-element elementor-element-0e277cc elementor-section-boxed elementor-section-height-default elementor-section-height-default\" data-id=\"0e277cc\" data-element_type=\"section\" data-e-type=\"section\">\n\t\t\t\t\t\t<div class=\"elementor-container elementor-column-gap-extended\">\n\t\t\t\t\t<div class=\"elementor-column elementor-col-100 elementor-top-column elementor-element elementor-element-7453b3d\" data-id=\"7453b3d\" data-element_type=\"column\" data-e-type=\"column\">\n\t\t\t<div class=\"elementor-widget-wrap elementor-element-populated\">\n\t\t\t\t\t\t<div class=\"elementor-element elementor-element-614f65a elementor-widget-divider--view-line elementor-widget elementor-widget-divider\" data-id=\"614f65a\" data-element_type=\"widget\" data-e-type=\"widget\" data-widget_type=\"divider.default\">\n\t\t\t\t<div class=\"elementor-widget-container\">\n\t\t\t\t\t\t\t<div class=\"elementor-divider\">\n\t\t\t<span class=\"elementor-divider-separator\">\n\t\t\t\t\t\t<\/span>\n\t\t<\/div>\n\t\t\t\t\t\t<\/div>\n\t\t\t\t<\/div>\n\t\t\t\t<div class=\"elementor-element elementor-element-6b06fa6 elementor-widget elementor-widget-heading\" data-id=\"6b06fa6\" data-element_type=\"widget\" data-e-type=\"widget\" data-widget_type=\"heading.default\">\n\t\t\t\t<div class=\"elementor-widget-container\">\n\t\t\t\t\t<h2 class=\"elementor-heading-title elementor-size-default\">\u00bfQu\u00e9 son las exposiciones itinerantes del MIT?<\/h2>\t\t\t\t<\/div>\n\t\t\t\t<\/div>\n\t\t\t\t<div class=\"elementor-element elementor-element-a9dabc0 elementor-widget__width-initial elementor-widget elementor-widget-text-editor\" data-id=\"a9dabc0\" data-element_type=\"widget\" data-e-type=\"widget\" data-widget_type=\"text-editor.default\">\n\t\t\t\t<div class=\"elementor-widget-container\">\n\t\t\t\t\t\t\t\t\t<p data-start=\"340\" data-end=\"591\">Las exposiciones itinerantes del Museo Internacional de los T\u00edteres de Catalu\u00f1a llevan el patrimonio a nuevos espacios y p\u00fablicos. Son propuestas culturales que combinan arte, historia y educaci\u00f3n, pensadas para ser f\u00e1cilmente instaladas en centros y municipios.<\/p><p data-start=\"340\" data-end=\"591\"><strong data-start=\"593\" data-end=\"638\">Cultura y patrimonio al alcance de todos<\/strong><br data-start=\"638\" data-end=\"641\" \/>A trav\u00e9s de colecciones y materiales de gran valor, las exposiciones dan a conocer la diversidad cultural del mundo de los t\u00edteres y m\u00e1scaras.<\/p><p data-start=\"340\" data-end=\"591\"><strong data-start=\"790\" data-end=\"844\">Proyectos para centros y municipios<\/strong><br data-start=\"844\" data-end=\"847\" \/>Cada exposici\u00f3n se entrega con todos los recursos necesarios para que la organizaci\u00f3n sea sencilla y profesional.<\/p>\t\t\t\t\t\t\t\t<\/div>\n\t\t\t\t<\/div>\n\t\t\t\t\t<\/div>\n\t\t<\/div>\n\t\t\t\t\t<\/div>\n\t\t<\/section>\n\t\t\t\t<section class=\"elementor-section elementor-top-section elementor-element elementor-element-60635b9 elementor-section-boxed elementor-section-height-default elementor-section-height-default\" data-id=\"60635b9\" data-element_type=\"section\" data-e-type=\"section\">\n\t\t\t\t\t\t<div class=\"elementor-container elementor-column-gap-extended\">\n\t\t\t\t\t<div class=\"elementor-column elementor-col-100 elementor-top-column elementor-element elementor-element-9711269\" data-id=\"9711269\" data-element_type=\"column\" data-e-type=\"column\">\n\t\t\t<div class=\"elementor-widget-wrap elementor-element-populated\">\n\t\t\t\t\t\t<div class=\"elementor-element elementor-element-95e9098 elementor-widget elementor-widget-heading\" data-id=\"95e9098\" data-element_type=\"widget\" data-e-type=\"widget\" data-widget_type=\"heading.default\">\n\t\t\t\t<div class=\"elementor-widget-container\">\n\t\t\t\t\t<h2 class=\"elementor-heading-title elementor-size-default\">\u00bfQu\u00e9 exposiciones ofrece?<\/h2>\t\t\t\t<\/div>\n\t\t\t\t<\/div>\n\t\t\t\t<div class=\"elementor-element elementor-element-047ddbd elementor-widget__width-initial elementor-widget elementor-widget-text-editor\" data-id=\"047ddbd\" data-element_type=\"widget\" data-e-type=\"widget\" data-widget_type=\"text-editor.default\">\n\t\t\t\t<div class=\"elementor-widget-container\">\n\t\t\t\t\t\t\t\t\t<p data-start=\"340\" data-end=\"591\">El MIT dispone de una selecci\u00f3n de exposiciones tem\u00e1ticas vinculadas al mundo de los t\u00edteres y m\u00e1scaras. Cada a\u00f1o se actualiza el cat\u00e1logo con nuevas propuestas.\u00a0 \u00a0<\/p>\t\t\t\t\t\t\t\t<\/div>\n\t\t\t\t<\/div>\n\t\t\t\t<div class=\"elementor-element elementor-element-ccbb44a elementor-widget-divider--view-line elementor-widget elementor-widget-divider\" data-id=\"ccbb44a\" data-element_type=\"widget\" data-e-type=\"widget\" data-widget_type=\"divider.default\">\n\t\t\t\t<div class=\"elementor-widget-container\">\n\t\t\t\t\t\t\t<div class=\"elementor-divider\">\n\t\t\t<span class=\"elementor-divider-separator\">\n\t\t\t\t\t\t<\/span>\n\t\t<\/div>\n\t\t\t\t\t\t<\/div>\n\t\t\t\t<\/div>\n\t\t\t\t<div class=\"elementor-element elementor-element-9a05e50 elementor-widget elementor-widget-heading\" data-id=\"9a05e50\" data-element_type=\"widget\" data-e-type=\"widget\" data-widget_type=\"heading.default\">\n\t\t\t\t<div class=\"elementor-widget-container\">\n\t\t\t\t\t<h2 class=\"elementor-heading-title elementor-size-default\">2025-2026<br><br>Exposici\u00f3n de m\u00e1scaras: &quot;TRANSFORMACI\u00d3N E IDENTIDAD&quot;\u00a0 \n<\/h2>\t\t\t\t<\/div>\n\t\t\t\t<\/div>\n\t\t\t\t<section class=\"elementor-section elementor-inner-section elementor-element elementor-element-e89a36b elementor-section-boxed elementor-section-height-default elementor-section-height-default\" data-id=\"e89a36b\" data-element_type=\"section\" data-e-type=\"section\">\n\t\t\t\t\t\t<div class=\"elementor-container elementor-column-gap-default\">\n\t\t\t\t\t<div class=\"elementor-column elementor-col-50 elementor-inner-column elementor-element elementor-element-29fe601\" data-id=\"29fe601\" data-element_type=\"column\" data-e-type=\"column\">\n\t\t\t<div class=\"elementor-widget-wrap elementor-element-populated\">\n\t\t\t\t\t\t<div class=\"elementor-element elementor-element-934c03a elementor-widget__width-initial elementor-widget elementor-widget-text-editor\" data-id=\"934c03a\" data-element_type=\"widget\" data-e-type=\"widget\" data-widget_type=\"text-editor.default\">\n\t\t\t\t<div class=\"elementor-widget-container\">\n\t\t\t\t\t\t\t\t\t<p class=\"text-build-content\">Un recorrido por las m\u00e1scaras del mundo que nos hablan de rituales, fiestas y expresiones art\u00edsticas universales.<\/p><p class=\"text-build-content\">Un proyecto llave en mano, <strong>con material expositivo y recursos educativos para acercar al p\u00fablico la riqueza del patrimonio de las m\u00e1scaras.<\/strong><\/p><p class=\"text-build-content\"><strong>El Carnaval<\/strong> es, por excelencia, la fiesta de la m\u00e1scara, de la transformaci\u00f3n y de la libertad de ser alguien distinto por un d\u00eda. <strong>La exposici\u00f3n conecta de forma directa con este esp\u00edritu,<\/strong> mostrando c\u00f3mo las m\u00e1scaras han sido utilizadas en todo el mundo en rituales, celebraciones y representaciones teatrales.<\/p><p class=\"text-build-content\"><strong>Programarla por estas fechas es una oportunidad \u00fanica <\/strong>por:<\/p><p class=\"text-build-content\">Enriquecer la fiesta con un contexto cultural y patrimonial.<\/p><p class=\"text-build-content\"><strong>Ofrecer al p\u00fablico una mirada internacional sobre la tradici\u00f3n de disfrazarse y transformarse.<\/strong><\/p><p class=\"text-build-content\">Vincular la celebraci\u00f3n popular con una propuesta art\u00edstica y educativa de gran valor.<\/p><p class=\"text-build-content\"><strong>As\u00ed, la exposici\u00f3n se convierte en un complemento perfecto al Carnaval: une fiesta, cultura y reflexi\u00f3n sobre la identidad y la transformaci\u00f3n.<\/strong><\/p><p>\u00a0<\/p>\t\t\t\t\t\t\t\t<\/div>\n\t\t\t\t<\/div>\n\t\t\t\t\t<\/div>\n\t\t<\/div>\n\t\t\t\t<div class=\"elementor-column elementor-col-50 elementor-inner-column elementor-element elementor-element-e409936\" data-id=\"e409936\" data-element_type=\"column\" data-e-type=\"column\">\n\t\t\t<div class=\"elementor-widget-wrap elementor-element-populated\">\n\t\t\t\t\t\t<div class=\"elementor-element elementor-element-a81efa2 elementor-widget elementor-widget-image\" data-id=\"a81efa2\" data-element_type=\"widget\" data-e-type=\"widget\" data-widget_type=\"image.default\">\n\t\t\t\t<div class=\"elementor-widget-container\">\n\t\t\t\t\t\t\t\t\t\t\t\t\t\t\t<img fetchpriority=\"high\" decoding=\"async\" width=\"600\" height=\"600\" src=\"https:\/\/www.museudetitelles.com\/wp-content\/uploads\/2025\/08\/Foto_fulleto_Exposicio_copia.png\" class=\"attachment-large size-large wp-image-16575\" alt=\"\" srcset=\"https:\/\/www.museudetitelles.com\/wp-content\/uploads\/2025\/08\/Foto_fulleto_Exposicio_copia.png 600w, https:\/\/www.museudetitelles.com\/wp-content\/uploads\/2025\/08\/Foto_fulleto_Exposicio_copia-300x300.png 300w, https:\/\/www.museudetitelles.com\/wp-content\/uploads\/2025\/08\/Foto_fulleto_Exposicio_copia-150x150.png 150w, https:\/\/www.museudetitelles.com\/wp-content\/uploads\/2025\/08\/Foto_fulleto_Exposicio_copia-12x12.png 12w, https:\/\/www.museudetitelles.com\/wp-content\/uploads\/2025\/08\/Foto_fulleto_Exposicio_copia-250x250.png 250w, https:\/\/www.museudetitelles.com\/wp-content\/uploads\/2025\/08\/Foto_fulleto_Exposicio_copia-100x100.png 100w\" sizes=\"(max-width: 600px) 100vw, 600px\">\t\t\t\t\t\t\t\t\t\t\t\t\t\t\t<\/div>\n\t\t\t\t<\/div>\n\t\t\t\t\t<\/div>\n\t\t<\/div>\n\t\t\t\t\t<\/div>\n\t\t<\/section>\n\t\t\t\t\t<\/div>\n\t\t<\/div>\n\t\t\t\t\t<\/div>\n\t\t<\/section>\n\t\t\t\t<section class=\"elementor-section elementor-top-section elementor-element elementor-element-ba87406 elementor-section-boxed elementor-section-height-default elementor-section-height-default\" data-id=\"ba87406\" data-element_type=\"section\" data-e-type=\"section\">\n\t\t\t\t\t\t<div class=\"elementor-container elementor-column-gap-extended\">\n\t\t\t\t\t<div class=\"elementor-column elementor-col-100 elementor-top-column elementor-element elementor-element-5442e1c\" data-id=\"5442e1c\" data-element_type=\"column\" data-e-type=\"column\">\n\t\t\t<div class=\"elementor-widget-wrap elementor-element-populated\">\n\t\t\t\t\t\t<div class=\"elementor-element elementor-element-ba49aeb elementor-widget elementor-widget-heading\" data-id=\"ba49aeb\" data-element_type=\"widget\" data-e-type=\"widget\" data-widget_type=\"heading.default\">\n\t\t\t\t<div class=\"elementor-widget-container\">\n\t\t\t\t\t<h2 class=\"elementor-heading-title elementor-size-default\">\u00bfQuieres llevar la exposici\u00f3n a tu espacio?<\/h2>\t\t\t\t<\/div>\n\t\t\t\t<\/div>\n\t\t\t\t<div class=\"elementor-element elementor-element-3792327 elementor-widget__width-initial elementor-widget elementor-widget-text-editor\" data-id=\"3792327\" data-element_type=\"widget\" data-e-type=\"widget\" data-widget_type=\"text-editor.default\">\n\t\t\t\t<div class=\"elementor-widget-container\">\n\t\t\t\t\t\t\t\t\t<p data-start=\"3188\" data-end=\"3329\">Descubre c\u00f3mo enriquecer tu programaci\u00f3n cultural con una propuesta llave en mano, adaptada a tu p\u00fablico y con el apoyo del equipo del MIT.<\/p>\t\t\t\t\t\t\t\t<\/div>\n\t\t\t\t<\/div>\n\t\t\t\t<div class=\"elementor-element elementor-element-8767fa2 elementor-widget elementor-widget-spacer\" data-id=\"8767fa2\" data-element_type=\"widget\" data-e-type=\"widget\" data-widget_type=\"spacer.default\">\n\t\t\t\t<div class=\"elementor-widget-container\">\n\t\t\t\t\t\t\t<div class=\"elementor-spacer\">\n\t\t\t<div class=\"elementor-spacer-inner\"><\/div>\n\t\t<\/div>\n\t\t\t\t\t\t<\/div>\n\t\t\t\t<\/div>\n\t\t\t\t<div class=\"elementor-element elementor-element-6ff812f elementor-align-center elementor-widget elementor-widget-button\" data-id=\"6ff812f\" data-element_type=\"widget\" data-e-type=\"widget\" data-widget_type=\"button.default\">\n\t\t\t\t<div class=\"elementor-widget-container\">\n\t\t\t\t\t\t\t\t\t<div class=\"elementor-button-wrapper\">\n\t\t\t\t\t<a class=\"elementor-button elementor-button-link elementor-size-sm\" href=\"mailto:direccio@mitmuseudetitelles.com\">\n\t\t\t\t\t\t<span class=\"elementor-button-content-wrapper\">\n\t\t\t\t\t\t\t\t\t<span class=\"elementor-button-text\">PIDE INFORMACI\u00d3N<\/span>\n\t\t\t\t\t<\/span>\n\t\t\t\t\t<\/a>\n\t\t\t\t<\/div>\n\t\t\t\t\t\t\t\t<\/div>\n\t\t\t\t<\/div>\n\t\t\t\t\t<\/div>\n\t\t<\/div>\n\t\t\t\t\t<\/div>\n\t\t<\/section>\n\t\t\t\t<section class=\"elementor-section elementor-top-section elementor-element elementor-element-27303aa elementor-section-boxed elementor-section-height-default elementor-section-height-default\" data-id=\"27303aa\" data-element_type=\"section\" data-e-type=\"section\">\n\t\t\t\t\t\t<div class=\"elementor-container elementor-column-gap-extended\">\n\t\t\t\t\t<div class=\"elementor-column elementor-col-100 elementor-top-column elementor-element elementor-element-68ac32b\" data-id=\"68ac32b\" data-element_type=\"column\" data-e-type=\"column\">\n\t\t\t<div class=\"elementor-widget-wrap elementor-element-populated\">\n\t\t\t\t\t\t<div class=\"elementor-element elementor-element-30bf06c elementor-widget-divider--view-line elementor-widget elementor-widget-divider\" data-id=\"30bf06c\" data-element_type=\"widget\" data-e-type=\"widget\" data-widget_type=\"divider.default\">\n\t\t\t\t<div class=\"elementor-widget-container\">\n\t\t\t\t\t\t\t<div class=\"elementor-divider\">\n\t\t\t<span class=\"elementor-divider-separator\">\n\t\t\t\t\t\t<\/span>\n\t\t<\/div>\n\t\t\t\t\t\t<\/div>\n\t\t\t\t<\/div>\n\t\t\t\t<div class=\"elementor-element elementor-element-3bf0527 elementor-widget elementor-widget-heading\" data-id=\"3bf0527\" data-element_type=\"widget\" data-e-type=\"widget\" data-widget_type=\"heading.default\">\n\t\t\t\t<div class=\"elementor-widget-container\">\n\t\t\t\t\t<h2 class=\"elementor-heading-title elementor-size-default\">Preguntas frecuentes. FAQ&#039;S <\/h2>\t\t\t\t<\/div>\n\t\t\t\t<\/div>\n\t\t\t\t<div class=\"elementor-element elementor-element-a1f0b3e elementor-widget__width-initial elementor-widget elementor-widget-text-editor\" data-id=\"a1f0b3e\" data-element_type=\"widget\" data-e-type=\"widget\" data-widget_type=\"text-editor.default\">\n\t\t\t\t<div class=\"elementor-widget-container\">\n\t\t\t\t\t\t\t\t\t<p data-start=\"482\" data-end=\"699\"><strong data-start=\"482\" data-end=\"527\">1. \u00bfQu\u00e9 tipos de espacios pueden acogerlas?<\/strong><br data-start=\"527\" data-end=\"530\" \/>Las exposiciones est\u00e1n pensadas para adaptarse a distintos formatos: salas de exposiciones, bibliotecas, centros c\u00edvicos, museos locales, festivales y equipamientos educativos.<\/p><p data-start=\"701\" data-end=\"920\"><strong data-start=\"701\" data-end=\"741\">2. \u00bfQu\u00e9 material incluye la exposici\u00f3n?<\/strong><br data-start=\"741\" data-end=\"744\" \/>Cada proyecto llave en mano incluye piezas originales, paneles explicativos, elementos museogr\u00e1ficos y, si se desea, actividades complementarias (talleres, visitas guiadas, charlas).<\/p><p data-start=\"922\" data-end=\"1098\"><strong data-start=\"922\" data-end=\"975\">3. \u00bfQu\u00e9 duraci\u00f3n tienen las exposiciones itinerantes?<\/strong><br data-start=\"975\" data-end=\"978\" \/>Normalmente se ofrecen por per\u00edodos a partir de 15 d\u00edas hasta 3 meses, pero se pueden adaptar seg\u00fan las necesidades del programador.<\/p><p data-start=\"1100\" data-end=\"1300\"><strong data-start=\"1100\" data-end=\"1150\">4. \u00bfQui\u00e9n se encarga del montaje y desmontaje?<\/strong><br data-start=\"1150\" data-end=\"1153\" \/>El equipo del MIT asesora y acompa\u00f1a al proceso. Las exposiciones est\u00e1n dise\u00f1adas para que el montaje sea sencillo, con instrucciones detalladas.<\/p><p data-start=\"1302\" data-end=\"1478\"><strong data-start=\"1302\" data-end=\"1348\">5. \u00bfExisten actividades educativas vinculadas?<\/strong><br data-start=\"1348\" data-end=\"1351\" \/>S\u00ed. Cada exposici\u00f3n puede complementarse con propuestas pedag\u00f3gicas adaptadas a distintos niveles escolares y p\u00fablicos familiares.<\/p><p data-start=\"1480\" data-end=\"1697\"><strong data-start=\"1480\" data-end=\"1531\">6. \u00bfQu\u00e9 coste tiene llevar una exposici\u00f3n itinerante?<\/strong><br data-start=\"1531\" data-end=\"1534\" \/>El precio var\u00eda seg\u00fan la duraci\u00f3n, transporte y servicios adicionales (actividades educativas, personal t\u00e9cnico, seguros). Se realiza un presupuesto personalizado.<\/p><p data-start=\"1699\" data-end=\"1866\"><strong data-start=\"1699\" data-end=\"1738\">7. \u00bfC\u00f3mo puedo saber la disponibilidad?<\/strong><br data-start=\"1738\" data-end=\"1741\" \/>Basta con ponerse en contacto con el MIT para consultar el calendario y reservar la franja m\u00e1s adecuada para tu equipamiento.<\/p>\t\t\t\t\t\t\t\t<\/div>\n\t\t\t\t<\/div>\n\t\t\t\t<div class=\"elementor-element elementor-element-b8e9a1c elementor-widget elementor-widget-spacer\" data-id=\"b8e9a1c\" data-element_type=\"widget\" data-e-type=\"widget\" data-widget_type=\"spacer.default\">\n\t\t\t\t<div class=\"elementor-widget-container\">\n\t\t\t\t\t\t\t<div class=\"elementor-spacer\">\n\t\t\t<div class=\"elementor-spacer-inner\"><\/div>\n\t\t<\/div>\n\t\t\t\t\t\t<\/div>\n\t\t\t\t<\/div>\n\t\t\t\t\t<\/div>\n\t\t<\/div>\n\t\t\t\t\t<\/div>\n\t\t<\/section>\n\t\t\t\t<\/div>","protected":false},"excerpt":{"rendered":"<p>Quan l\u2019art et ve a trobar Exposicions Itinerants Cultura i patrimoni en moviment Qu\u00e8 s\u00f3n les exposicions itinerants del MIT? Les exposicions itinerants del Museu Internacional dels Titelles de Catalunya porten el patrimoni a nous espais i p\u00fablics. S\u00f3n propostes culturals que combinen art, hist\u00f2ria i educaci\u00f3, pensades per ser instal\u00b7lades f\u00e0cilment en centres i [&hellip;]<\/p>\n","protected":false},"author":10,"featured_media":0,"parent":13128,"menu_order":0,"comment_status":"closed","ping_status":"closed","template":"elementor_header_footer","meta":{"footnotes":""},"class_list":["post-16556","page","type-page","status-publish","hentry"],"amp_enabled":false,"_links":{"self":[{"href":"https:\/\/www.museudetitelles.com\/es\/wp-json\/wp\/v2\/pages\/16556","targetHints":{"allow":["GET"]}}],"collection":[{"href":"https:\/\/www.museudetitelles.com\/es\/wp-json\/wp\/v2\/pages"}],"about":[{"href":"https:\/\/www.museudetitelles.com\/es\/wp-json\/wp\/v2\/types\/page"}],"author":[{"embeddable":true,"href":"https:\/\/www.museudetitelles.com\/es\/wp-json\/wp\/v2\/users\/10"}],"replies":[{"embeddable":true,"href":"https:\/\/www.museudetitelles.com\/es\/wp-json\/wp\/v2\/comments?post=16556"}],"version-history":[{"count":61,"href":"https:\/\/www.museudetitelles.com\/es\/wp-json\/wp\/v2\/pages\/16556\/revisions"}],"predecessor-version":[{"id":16626,"href":"https:\/\/www.museudetitelles.com\/es\/wp-json\/wp\/v2\/pages\/16556\/revisions\/16626"}],"up":[{"embeddable":true,"href":"https:\/\/www.museudetitelles.com\/es\/wp-json\/wp\/v2\/pages\/13128"}],"wp:attachment":[{"href":"https:\/\/www.museudetitelles.com\/es\/wp-json\/wp\/v2\/media?parent=16556"}],"curies":[{"name":"wp","href":"https:\/\/api.w.org\/{rel}","templated":true}]}}