{"id":13553,"date":"2023-09-13T13:39:21","date_gmt":"2023-09-13T11:39:21","guid":{"rendered":"https:\/\/www.museudetitelles.com\/?page_id=13553"},"modified":"2025-08-16T12:08:48","modified_gmt":"2025-08-16T10:08:48","slug":"exposicions-temporals","status":"publish","type":"page","link":"https:\/\/www.museudetitelles.com\/es\/activitats-al-museu-de-titelles\/exposicions-temporals\/","title":{"rendered":"EXPOSICIONES TEMPORALES"},"content":{"rendered":"<div data-elementor-type=\"wp-page\" data-elementor-id=\"13553\" class=\"elementor elementor-13553\" data-elementor-post-type=\"page\">\n\t\t\t\t\t\t<section class=\"elementor-section elementor-top-section elementor-element elementor-element-127970a elementor-section-stretched elementor-section-boxed elementor-section-height-default elementor-section-height-default\" data-id=\"127970a\" data-element_type=\"section\" data-e-type=\"section\" data-settings=\"{&quot;stretch_section&quot;:&quot;section-stretched&quot;,&quot;background_background&quot;:&quot;classic&quot;}\">\n\t\t\t\t\t\t\t<div class=\"elementor-background-overlay\"><\/div>\n\t\t\t\t\t\t\t<div class=\"elementor-container elementor-column-gap-default\">\n\t\t\t\t\t<div class=\"elementor-column elementor-col-100 elementor-top-column elementor-element elementor-element-6f873dfa\" data-id=\"6f873dfa\" data-element_type=\"column\" data-e-type=\"column\">\n\t\t\t<div class=\"elementor-widget-wrap elementor-element-populated\">\n\t\t\t\t\t\t<section class=\"elementor-section elementor-inner-section elementor-element elementor-element-59c2a592 elementor-section-boxed elementor-section-height-default elementor-section-height-default\" data-id=\"59c2a592\" data-element_type=\"section\" data-e-type=\"section\" data-settings=\"{&quot;background_background&quot;:&quot;classic&quot;}\">\n\t\t\t\t\t\t<div class=\"elementor-container elementor-column-gap-default\">\n\t\t\t\t\t<div class=\"elementor-column elementor-col-100 elementor-inner-column elementor-element elementor-element-32fea9fa\" data-id=\"32fea9fa\" data-element_type=\"column\" data-e-type=\"column\" data-settings=\"{&quot;background_background&quot;:&quot;classic&quot;,&quot;animation&quot;:&quot;none&quot;,&quot;animation_delay&quot;:300}\">\n\t\t\t<div class=\"elementor-widget-wrap elementor-element-populated\">\n\t\t\t\t\t\t<div class=\"elementor-element elementor-element-54d3d109 elementor-widget elementor-widget-heading\" data-id=\"54d3d109\" data-element_type=\"widget\" data-e-type=\"widget\" data-widget_type=\"heading.default\">\n\t\t\t\t<div class=\"elementor-widget-container\">\n\t\t\t\t\t<h5 class=\"elementor-heading-title elementor-size-default\">Disfrutar de lo ef\u00edmero<\/h5>\t\t\t\t<\/div>\n\t\t\t\t<\/div>\n\t\t\t\t\t<\/div>\n\t\t<\/div>\n\t\t\t\t\t<\/div>\n\t\t<\/section>\n\t\t\t\t<div class=\"elementor-element elementor-element-491a00b0 elementor-widget elementor-widget-heading\" data-id=\"491a00b0\" data-element_type=\"widget\" data-e-type=\"widget\" data-settings=\"{&quot;_animation&quot;:&quot;none&quot;,&quot;_animation_delay&quot;:400}\" data-widget_type=\"heading.default\">\n\t\t\t\t<div class=\"elementor-widget-container\">\n\t\t\t\t\t<h2 class=\"elementor-heading-title elementor-size-default\">Exposiciones temporales<\/h2>\t\t\t\t<\/div>\n\t\t\t\t<\/div>\n\t\t\t\t<div class=\"elementor-element elementor-element-13c6883f elementor-widget elementor-widget-text-editor\" data-id=\"13c6883f\" data-element_type=\"widget\" data-e-type=\"widget\" data-settings=\"{&quot;_animation&quot;:&quot;none&quot;,&quot;_animation_delay&quot;:500}\" data-widget_type=\"text-editor.default\">\n\t\t\t\t<div class=\"elementor-widget-container\">\n\t\t\t\t\t\t\t\t\t<h3>Una selecci\u00f3n por temas que nos descubrir\u00e1 arte y t\u00edteres&nbsp;<\/h3><h3>m\u00e1s all\u00e1 del museo<\/h3>\t\t\t\t\t\t\t\t<\/div>\n\t\t\t\t<\/div>\n\t\t\t\t\t<\/div>\n\t\t<\/div>\n\t\t\t\t\t<\/div>\n\t\t<\/section>\n\t\t\t\t<section class=\"elementor-section elementor-top-section elementor-element elementor-element-73bc54b elementor-section-boxed elementor-section-height-default elementor-section-height-default\" data-id=\"73bc54b\" data-element_type=\"section\" data-e-type=\"section\">\n\t\t\t\t\t\t<div class=\"elementor-container elementor-column-gap-extended\">\n\t\t\t\t\t<div class=\"elementor-column elementor-col-33 elementor-top-column elementor-element elementor-element-c1b9c40\" data-id=\"c1b9c40\" data-element_type=\"column\" data-e-type=\"column\">\n\t\t\t<div class=\"elementor-widget-wrap\">\n\t\t\t\t\t\t\t<\/div>\n\t\t<\/div>\n\t\t\t\t<div class=\"elementor-column elementor-col-33 elementor-top-column elementor-element elementor-element-502e5fc\" data-id=\"502e5fc\" data-element_type=\"column\" data-e-type=\"column\">\n\t\t\t<div class=\"elementor-widget-wrap elementor-element-populated\">\n\t\t\t\t\t\t<div class=\"elementor-element elementor-element-f028f1b elementor-widget elementor-widget-image\" data-id=\"f028f1b\" data-element_type=\"widget\" data-e-type=\"widget\" data-widget_type=\"image.default\">\n\t\t\t\t<div class=\"elementor-widget-container\">\n\t\t\t\t\t\t\t\t\t\t\t\t\t\t\t<img fetchpriority=\"high\" decoding=\"async\" width=\"491\" height=\"380\" src=\"https:\/\/www.museudetitelles.com\/wp-content\/uploads\/2024\/04\/Conill-blanc.jpg\" class=\"attachment-large size-large wp-image-14491\" alt=\"\" srcset=\"https:\/\/www.museudetitelles.com\/wp-content\/uploads\/2024\/04\/Conill-blanc.jpg 491w, https:\/\/www.museudetitelles.com\/wp-content\/uploads\/2024\/04\/Conill-blanc-300x232.jpg 300w, https:\/\/www.museudetitelles.com\/wp-content\/uploads\/2024\/04\/Conill-blanc-16x12.jpg 16w\" sizes=\"(max-width: 491px) 100vw, 491px\">\t\t\t\t\t\t\t\t\t\t\t\t\t\t\t<\/div>\n\t\t\t\t<\/div>\n\t\t\t\t<div class=\"elementor-element elementor-element-72ac059 elementor-widget elementor-widget-heading\" data-id=\"72ac059\" data-element_type=\"widget\" data-e-type=\"widget\" data-widget_type=\"heading.default\">\n\t\t\t\t<div class=\"elementor-widget-container\">\n\t\t\t\t\t<h2 class=\"elementor-heading-title elementor-size-default\">En preparaci\u00f3n<\/h2>\t\t\t\t<\/div>\n\t\t\t\t<\/div>\n\t\t\t\t\t<\/div>\n\t\t<\/div>\n\t\t\t\t<div class=\"elementor-column elementor-col-33 elementor-top-column elementor-element elementor-element-4d47e7b\" data-id=\"4d47e7b\" data-element_type=\"column\" data-e-type=\"column\">\n\t\t\t<div class=\"elementor-widget-wrap\">\n\t\t\t\t\t\t\t<\/div>\n\t\t<\/div>\n\t\t\t\t\t<\/div>\n\t\t<\/section>\n\t\t\t\t<\/div>","protected":false},"excerpt":{"rendered":"<p>Disfrutar de lo ef\u00edmero Exposiciones temporales Una selecci\u00f3n por temas que nos descubrir\u00e1 arte y t\u00edteres m\u00e1s all\u00e1 del museo En preparaci\u00f3n<\/p>","protected":false},"author":15,"featured_media":0,"parent":13128,"menu_order":0,"comment_status":"closed","ping_status":"closed","template":"elementor_header_footer","meta":{"footnotes":""},"class_list":["post-13553","page","type-page","status-publish","hentry"],"amp_enabled":false,"_links":{"self":[{"href":"https:\/\/www.museudetitelles.com\/es\/wp-json\/wp\/v2\/pages\/13553","targetHints":{"allow":["GET"]}}],"collection":[{"href":"https:\/\/www.museudetitelles.com\/es\/wp-json\/wp\/v2\/pages"}],"about":[{"href":"https:\/\/www.museudetitelles.com\/es\/wp-json\/wp\/v2\/types\/page"}],"author":[{"embeddable":true,"href":"https:\/\/www.museudetitelles.com\/es\/wp-json\/wp\/v2\/users\/15"}],"replies":[{"embeddable":true,"href":"https:\/\/www.museudetitelles.com\/es\/wp-json\/wp\/v2\/comments?post=13553"}],"version-history":[{"count":48,"href":"https:\/\/www.museudetitelles.com\/es\/wp-json\/wp\/v2\/pages\/13553\/revisions"}],"predecessor-version":[{"id":16449,"href":"https:\/\/www.museudetitelles.com\/es\/wp-json\/wp\/v2\/pages\/13553\/revisions\/16449"}],"up":[{"embeddable":true,"href":"https:\/\/www.museudetitelles.com\/es\/wp-json\/wp\/v2\/pages\/13128"}],"wp:attachment":[{"href":"https:\/\/www.museudetitelles.com\/es\/wp-json\/wp\/v2\/media?parent=13553"}],"curies":[{"name":"wp","href":"https:\/\/api.w.org\/{rel}","templated":true}]}}