{"id":12431,"date":"2023-05-09T11:37:49","date_gmt":"2023-05-09T09:37:49","guid":{"rendered":"https:\/\/www.museudetitelles.com\/?page_id=12431"},"modified":"2023-09-12T11:13:41","modified_gmt":"2023-09-12T09:13:41","slug":"la-nit-dels-museus-2023-al-mit","status":"publish","type":"page","link":"https:\/\/www.museudetitelles.com\/es\/activitats-al-museu-de-titelles\/historic\/la-nit-dels-museus-2023-al-mit\/","title":{"rendered":"La Noche de los Museos 2023 en el MIT"},"content":{"rendered":"<div data-elementor-type=\"wp-page\" data-elementor-id=\"12431\" class=\"elementor elementor-12431\" data-elementor-post-type=\"page\">\n\t\t\t\t\t\t<section class=\"elementor-section elementor-top-section elementor-element elementor-element-6093edb4 elementor-section-stretched elementor-section-boxed elementor-section-height-default elementor-section-height-default\" data-id=\"6093edb4\" data-element_type=\"section\" data-e-type=\"section\" data-settings=\"{&quot;stretch_section&quot;:&quot;section-stretched&quot;,&quot;background_background&quot;:&quot;classic&quot;}\">\n\t\t\t\t\t\t\t<div class=\"elementor-background-overlay\"><\/div>\n\t\t\t\t\t\t\t<div class=\"elementor-container elementor-column-gap-default\">\n\t\t\t\t\t<div class=\"elementor-column elementor-col-100 elementor-top-column elementor-element elementor-element-5a46c4eb\" data-id=\"5a46c4eb\" data-element_type=\"column\" data-e-type=\"column\">\n\t\t\t<div class=\"elementor-widget-wrap elementor-element-populated\">\n\t\t\t\t\t\t<section class=\"elementor-section elementor-inner-section elementor-element elementor-element-73c67625 elementor-section-boxed elementor-section-height-default elementor-section-height-default\" data-id=\"73c67625\" data-element_type=\"section\" data-e-type=\"section\" data-settings=\"{&quot;background_background&quot;:&quot;classic&quot;}\">\n\t\t\t\t\t\t<div class=\"elementor-container elementor-column-gap-default\">\n\t\t\t\t\t<div class=\"elementor-column elementor-col-100 elementor-inner-column elementor-element elementor-element-609eea73\" data-id=\"609eea73\" data-element_type=\"column\" data-e-type=\"column\" data-settings=\"{&quot;background_background&quot;:&quot;classic&quot;,&quot;animation&quot;:&quot;none&quot;,&quot;animation_delay&quot;:300}\">\n\t\t\t<div class=\"elementor-widget-wrap elementor-element-populated\">\n\t\t\t\t\t\t<div class=\"elementor-element elementor-element-589b0c80 elementor-widget elementor-widget-heading\" data-id=\"589b0c80\" data-element_type=\"widget\" data-e-type=\"widget\" data-widget_type=\"heading.default\">\n\t\t\t\t<div class=\"elementor-widget-container\">\n\t\t\t\t\t<h5 class=\"elementor-heading-title elementor-size-default\">13 de mayo de 2023<\/h5>\t\t\t\t<\/div>\n\t\t\t\t<\/div>\n\t\t\t\t\t<\/div>\n\t\t<\/div>\n\t\t\t\t\t<\/div>\n\t\t<\/section>\n\t\t\t\t<div class=\"elementor-element elementor-element-616aa0a6 elementor-widget elementor-widget-heading\" data-id=\"616aa0a6\" data-element_type=\"widget\" data-e-type=\"widget\" data-settings=\"{&quot;_animation&quot;:&quot;none&quot;,&quot;_animation_delay&quot;:400}\" data-widget_type=\"heading.default\">\n\t\t\t\t<div class=\"elementor-widget-container\">\n\t\t\t\t\t<h2 class=\"elementor-heading-title elementor-size-default\">La Noche de los Museos <br><br><\/h2>\t\t\t\t<\/div>\n\t\t\t\t<\/div>\n\t\t\t\t<div class=\"elementor-element elementor-element-2576785a elementor-widget__width-initial elementor-widget elementor-widget-text-editor\" data-id=\"2576785a\" data-element_type=\"widget\" data-e-type=\"widget\" data-settings=\"{&quot;_animation&quot;:&quot;none&quot;,&quot;_animation_delay&quot;:500}\" data-widget_type=\"text-editor.default\">\n\t\t\t\t<div class=\"elementor-widget-container\">\n\t\t\t\t\t\t\t\t\t<h3>\u00bfSe ha preguntado qu\u00e9 hacen los t\u00edteres por la noche?\u00a0<\/h3><h3>\u00bfDuermen? \u00bfEst\u00e1n de fiesta? \u00bfSalen a ver la luna?<\/h3><h3>Le invitamos a descubrirlo en el Museo Internacional de los T\u00edteres de Catalu\u00f1a.<\/h3>\t\t\t\t\t\t\t\t<\/div>\n\t\t\t\t<\/div>\n\t\t\t\t\t<\/div>\n\t\t<\/div>\n\t\t\t\t\t<\/div>\n\t\t<\/section>\n\t\t\t\t<section class=\"elementor-section elementor-top-section elementor-element elementor-element-87959b3 elementor-section-boxed elementor-section-height-default elementor-section-height-default\" data-id=\"87959b3\" data-element_type=\"section\" data-e-type=\"section\">\n\t\t\t\t\t\t<div class=\"elementor-container elementor-column-gap-default\">\n\t\t\t\t\t<div class=\"elementor-column elementor-col-50 elementor-top-column elementor-element elementor-element-65d7498\" data-id=\"65d7498\" data-element_type=\"column\" data-e-type=\"column\">\n\t\t\t<div class=\"elementor-widget-wrap elementor-element-populated\">\n\t\t\t\t\t\t<div class=\"elementor-element elementor-element-29d845a elementor-widget elementor-widget-spacer\" data-id=\"29d845a\" data-element_type=\"widget\" data-e-type=\"widget\" data-widget_type=\"spacer.default\">\n\t\t\t\t<div class=\"elementor-widget-container\">\n\t\t\t\t\t\t\t<div class=\"elementor-spacer\">\n\t\t\t<div class=\"elementor-spacer-inner\"><\/div>\n\t\t<\/div>\n\t\t\t\t\t\t<\/div>\n\t\t\t\t<\/div>\n\t\t\t\t<div class=\"elementor-element elementor-element-f070d97 elementor-hidden-mobile elementor-widget elementor-widget-text-editor\" data-id=\"f070d97\" data-element_type=\"widget\" data-e-type=\"widget\" data-widget_type=\"text-editor.default\">\n\t\t\t\t<div class=\"elementor-widget-container\">\n\t\t\t\t\t\t\t\t\t<p>Un a\u00f1o m\u00e1s, desde el Departamento de Cultura de la Generalitat se propone al conjunto de museos catalanes sumarse a la celebraci\u00f3n del D\u00eda Internacional de los Museos 2023, organizando\u00a0<strong>jornadas de puertas abiertas y actividades<\/strong>\u00a0que sigan el lema del ICOM (Consejo Internacional de Museos -Consejo Internacional de Museos), que este a\u00f1o es &#039;<strong>Museos, sostenibilidad y bienestar<\/strong>&#8216;.<\/p><p>La\u00a0<strong>Noche de los Museos se celebrar\u00e1 el s\u00e1bado 13 de mayo<\/strong>.<\/p><p>El MIT se suma y abrir\u00e1 sus puertas de 9:30 a 23:30.<\/p><p><span style=\"color: #ff0000;\"><strong>La entrada es gratuita.<\/strong><\/span><\/p>\t\t\t\t\t\t\t\t<\/div>\n\t\t\t\t<\/div>\n\t\t\t\t<div class=\"elementor-element elementor-element-7240e7e elementor-hidden-desktop elementor-hidden-tablet elementor-widget elementor-widget-text-editor\" data-id=\"7240e7e\" data-element_type=\"widget\" data-e-type=\"widget\" data-widget_type=\"text-editor.default\">\n\t\t\t\t<div class=\"elementor-widget-container\">\n\t\t\t\t\t\t\t\t\t<p>Un a\u00f1o m\u00e1s, desde el Departamento de Cultura de la Generalitat se propone al conjunto de museos catalanes sumarse a la celebraci\u00f3n del D\u00eda Internacional de los Museos 2023, organizando\u00a0<strong>jornadas de puertas abiertas y actividades<\/strong>\u00a0que sigan el lema del ICOM (Consejo Internacional de Museos -Consejo Internacional de Museos), que este a\u00f1o es &#039;<strong>Museos, sostenibilidad y bienestar<\/strong>&#8216;.<\/p><p>La\u00a0<strong>Noche de los Museos se celebrar\u00e1 el s\u00e1bado 13 de mayo<\/strong>.<\/p><p>El MIT se suma y abrir\u00e1 sus puertas de 9:30 a 23:30.\u00a0<\/p><p><span style=\"color: #ff0000;\"><strong>La entrada es gratuita.<\/strong><\/span><\/p>\t\t\t\t\t\t\t\t<\/div>\n\t\t\t\t<\/div>\n\t\t\t\t\t<\/div>\n\t\t<\/div>\n\t\t\t\t<div class=\"elementor-column elementor-col-50 elementor-top-column elementor-element elementor-element-a628ef2\" data-id=\"a628ef2\" data-element_type=\"column\" data-e-type=\"column\">\n\t\t\t<div class=\"elementor-widget-wrap elementor-element-populated\">\n\t\t\t\t\t\t<div class=\"elementor-element elementor-element-7afc8e4 elementor-hidden-mobile elementor-widget elementor-widget-spacer\" data-id=\"7afc8e4\" data-element_type=\"widget\" data-e-type=\"widget\" data-widget_type=\"spacer.default\">\n\t\t\t\t<div class=\"elementor-widget-container\">\n\t\t\t\t\t\t\t<div class=\"elementor-spacer\">\n\t\t\t<div class=\"elementor-spacer-inner\"><\/div>\n\t\t<\/div>\n\t\t\t\t\t\t<\/div>\n\t\t\t\t<\/div>\n\t\t\t\t<div class=\"elementor-element elementor-element-5f36d9e elementor-widget elementor-widget-image\" data-id=\"5f36d9e\" data-element_type=\"widget\" data-e-type=\"widget\" data-widget_type=\"image.default\">\n\t\t\t\t<div class=\"elementor-widget-container\">\n\t\t\t\t\t\t\t\t\t\t\t\t\t\t\t<img fetchpriority=\"high\" decoding=\"async\" width=\"500\" height=\"500\" src=\"https:\/\/www.museudetitelles.com\/wp-content\/uploads\/2023\/05\/NIT-DELS-MUSEUS-2023.jpg\" class=\"attachment-large size-large wp-image-12433\" alt=\"NIT DELS MUSEUS 2023 museu de titelles de catalunya\" srcset=\"https:\/\/www.museudetitelles.com\/wp-content\/uploads\/2023\/05\/NIT-DELS-MUSEUS-2023.jpg 500w, https:\/\/www.museudetitelles.com\/wp-content\/uploads\/2023\/05\/NIT-DELS-MUSEUS-2023-300x300.jpg 300w, https:\/\/www.museudetitelles.com\/wp-content\/uploads\/2023\/05\/NIT-DELS-MUSEUS-2023-150x150.jpg 150w, https:\/\/www.museudetitelles.com\/wp-content\/uploads\/2023\/05\/NIT-DELS-MUSEUS-2023-12x12.jpg 12w, https:\/\/www.museudetitelles.com\/wp-content\/uploads\/2023\/05\/NIT-DELS-MUSEUS-2023-250x250.jpg 250w\" sizes=\"(max-width: 500px) 100vw, 500px\" \/>\t\t\t\t\t\t\t\t\t\t\t\t\t\t\t<\/div>\n\t\t\t\t<\/div>\n\t\t\t\t\t<\/div>\n\t\t<\/div>\n\t\t\t\t\t<\/div>\n\t\t<\/section>\n\t\t\t\t<section class=\"elementor-section elementor-top-section elementor-element elementor-element-38e6f44 elementor-section-boxed elementor-section-height-default elementor-section-height-default\" data-id=\"38e6f44\" data-element_type=\"section\" data-e-type=\"section\">\n\t\t\t\t\t\t<div class=\"elementor-container elementor-column-gap-default\">\n\t\t\t\t\t<div class=\"elementor-column elementor-col-100 elementor-top-column elementor-element elementor-element-df08ade\" data-id=\"df08ade\" data-element_type=\"column\" data-e-type=\"column\">\n\t\t\t<div class=\"elementor-widget-wrap elementor-element-populated\">\n\t\t\t\t\t\t<div class=\"elementor-element elementor-element-60e3a70 elementor-hidden-mobile elementor-widget-divider--view-line elementor-widget elementor-widget-divider\" data-id=\"60e3a70\" data-element_type=\"widget\" data-e-type=\"widget\" data-widget_type=\"divider.default\">\n\t\t\t\t<div class=\"elementor-widget-container\">\n\t\t\t\t\t\t\t<div class=\"elementor-divider\">\n\t\t\t<span class=\"elementor-divider-separator\">\n\t\t\t\t\t\t<\/span>\n\t\t<\/div>\n\t\t\t\t\t\t<\/div>\n\t\t\t\t<\/div>\n\t\t\t\t\t<\/div>\n\t\t<\/div>\n\t\t\t\t\t<\/div>\n\t\t<\/section>\n\t\t\t\t<section class=\"elementor-section elementor-top-section elementor-element elementor-element-a725a04 elementor-section-boxed elementor-section-height-default elementor-section-height-default\" data-id=\"a725a04\" data-element_type=\"section\" data-e-type=\"section\">\n\t\t\t\t\t\t<div class=\"elementor-container elementor-column-gap-default\">\n\t\t\t\t\t<div class=\"elementor-column elementor-col-100 elementor-top-column elementor-element elementor-element-4438b8e\" data-id=\"4438b8e\" data-element_type=\"column\" data-e-type=\"column\">\n\t\t\t<div class=\"elementor-widget-wrap elementor-element-populated\">\n\t\t\t\t\t\t<div class=\"elementor-element elementor-element-96981da elementor-widget elementor-widget-text-editor\" data-id=\"96981da\" data-element_type=\"widget\" data-e-type=\"widget\" data-widget_type=\"text-editor.default\">\n\t\t\t\t<div class=\"elementor-widget-container\">\n\t\t\t\t\t\t\t\t\t<p>Puede ver la actividad en la web de <a href=\"https:\/\/bit.ly\/41eVYGB\" target=\"_blank\" rel=\"noopener\"><strong>Patrimonio Cultural de la Generalidad de Catalu\u00f1a.<\/strong><\/a><\/p><p>Para el DIM (D\u00eda Mundial de los Museos) 2023, se seguir\u00e1 apoyando a los museos catalanes.<\/p><p>Por un lado, se crear\u00e1 una\u00a0<strong>imagen gr\u00e1fica conjunta<\/strong>\u00a0para que los diferentes equipamientos puedan adaptarla y utilizarla y, por otra, se har\u00e1 la\u00a0<strong>m\u00e1xima difusi\u00f3n<\/strong>\u00a0a trav\u00e9s de los canales propios de todas las iniciativas que los museos organicen tanto de forma individual como a trav\u00e9s de cuyas redes forman parte.<\/p><p>Como siempre, la campa\u00f1a se har\u00e1 en coordinaci\u00f3n y con la colaboraci\u00f3n de<strong><a href=\"https:\/\/www.icom-ce.org\/\" target=\"_blank\" rel=\"noopener\">ICOM<\/a><\/strong> y de todas las administraciones con responsabilidades patrimoniales: las diputaciones de Barcelona, Gerona, L\u00e9rida y Tarragona, y el ICUB.<\/p>\t\t\t\t\t\t\t\t<\/div>\n\t\t\t\t<\/div>\n\t\t\t\t\t<\/div>\n\t\t<\/div>\n\t\t\t\t\t<\/div>\n\t\t<\/section>\n\t\t\t\t<section class=\"elementor-section elementor-top-section elementor-element elementor-element-363cb23 elementor-section-boxed elementor-section-height-default elementor-section-height-default\" data-id=\"363cb23\" data-element_type=\"section\" data-e-type=\"section\">\n\t\t\t\t\t\t<div class=\"elementor-container elementor-column-gap-default\">\n\t\t\t\t\t<div class=\"elementor-column elementor-col-100 elementor-top-column elementor-element elementor-element-4b4e7ea\" data-id=\"4b4e7ea\" data-element_type=\"column\" data-e-type=\"column\">\n\t\t\t<div class=\"elementor-widget-wrap elementor-element-populated\">\n\t\t\t\t\t\t<div class=\"elementor-element elementor-element-c61527c elementor-widget elementor-widget-video\" data-id=\"c61527c\" data-element_type=\"widget\" data-e-type=\"widget\" data-settings=\"{&quot;youtube_url&quot;:&quot;https:\\\/\\\/youtu.be\\\/Ttm9yVg52pE&quot;,&quot;video_type&quot;:&quot;youtube&quot;,&quot;controls&quot;:&quot;yes&quot;}\" data-widget_type=\"video.default\">\n\t\t\t\t<div class=\"elementor-widget-container\">\n\t\t\t\t\t\t\t<div class=\"elementor-wrapper elementor-open-inline\">\n\t\t\t<div class=\"elementor-video\"><\/div>\t\t<\/div>\n\t\t\t\t\t\t<\/div>\n\t\t\t\t<\/div>\n\t\t\t\t\t<\/div>\n\t\t<\/div>\n\t\t\t\t\t<\/div>\n\t\t<\/section>\n\t\t\t\t<section class=\"elementor-section elementor-top-section elementor-element elementor-element-39da5fb elementor-section-boxed elementor-section-height-default elementor-section-height-default\" data-id=\"39da5fb\" data-element_type=\"section\" data-e-type=\"section\">\n\t\t\t\t\t\t<div class=\"elementor-container elementor-column-gap-default\">\n\t\t\t\t\t<div class=\"elementor-column elementor-col-100 elementor-top-column elementor-element elementor-element-54d92c8\" data-id=\"54d92c8\" data-element_type=\"column\" data-e-type=\"column\">\n\t\t\t<div class=\"elementor-widget-wrap\">\n\t\t\t\t\t\t\t<\/div>\n\t\t<\/div>\n\t\t\t\t\t<\/div>\n\t\t<\/section>\n\t\t\t\t<section class=\"elementor-section elementor-top-section elementor-element elementor-element-a6682d8 elementor-section-boxed elementor-section-height-default elementor-section-height-default\" data-id=\"a6682d8\" data-element_type=\"section\" data-e-type=\"section\">\n\t\t\t\t\t\t<div class=\"elementor-container elementor-column-gap-default\">\n\t\t\t\t\t<div class=\"elementor-column elementor-col-100 elementor-top-column elementor-element elementor-element-8bb7244\" data-id=\"8bb7244\" data-element_type=\"column\" data-e-type=\"column\">\n\t\t\t<div class=\"elementor-widget-wrap elementor-element-populated\">\n\t\t\t\t\t\t<div class=\"elementor-element elementor-element-18e2445 elementor-widget elementor-widget-image\" data-id=\"18e2445\" data-element_type=\"widget\" data-e-type=\"widget\" data-widget_type=\"image.default\">\n\t\t\t\t<div class=\"elementor-widget-container\">\n\t\t\t\t\t\t\t\t\t\t\t\t\t\t\t<img decoding=\"async\" width=\"2000\" height=\"600\" src=\"https:\/\/www.museudetitelles.com\/wp-content\/uploads\/2023\/05\/nit-dels-museus.jpg\" class=\"attachment-full size-full wp-image-12441\" alt=\"nit dels museus, museu de titelles de catalunya\" srcset=\"https:\/\/www.museudetitelles.com\/wp-content\/uploads\/2023\/05\/nit-dels-museus.jpg 2000w, https:\/\/www.museudetitelles.com\/wp-content\/uploads\/2023\/05\/nit-dels-museus-300x90.jpg 300w, https:\/\/www.museudetitelles.com\/wp-content\/uploads\/2023\/05\/nit-dels-museus-1024x307.jpg 1024w, https:\/\/www.museudetitelles.com\/wp-content\/uploads\/2023\/05\/nit-dels-museus-768x230.jpg 768w, https:\/\/www.museudetitelles.com\/wp-content\/uploads\/2023\/05\/nit-dels-museus-1536x461.jpg 1536w, https:\/\/www.museudetitelles.com\/wp-content\/uploads\/2023\/05\/nit-dels-museus-18x5.jpg 18w\" sizes=\"(max-width: 2000px) 100vw, 2000px\" \/>\t\t\t\t\t\t\t\t\t\t\t\t\t\t\t<\/div>\n\t\t\t\t<\/div>\n\t\t\t\t\t<\/div>\n\t\t<\/div>\n\t\t\t\t\t<\/div>\n\t\t<\/section>\n\t\t\t\t<section class=\"elementor-section elementor-top-section elementor-element elementor-element-3a159b0 elementor-section-boxed elementor-section-height-default elementor-section-height-default\" data-id=\"3a159b0\" data-element_type=\"section\" data-e-type=\"section\">\n\t\t\t\t\t\t<div class=\"elementor-container elementor-column-gap-default\">\n\t\t\t\t\t<div class=\"elementor-column elementor-col-50 elementor-top-column elementor-element elementor-element-32f275d elementor-hidden-mobile\" data-id=\"32f275d\" data-element_type=\"column\" data-e-type=\"column\">\n\t\t\t<div class=\"elementor-widget-wrap\">\n\t\t\t\t\t\t\t<\/div>\n\t\t<\/div>\n\t\t\t\t<div class=\"elementor-column elementor-col-50 elementor-top-column elementor-element elementor-element-fcef771 elementor-hidden-desktop elementor-hidden-tablet\" data-id=\"fcef771\" data-element_type=\"column\" data-e-type=\"column\">\n\t\t\t<div class=\"elementor-widget-wrap\">\n\t\t\t\t\t\t\t<\/div>\n\t\t<\/div>\n\t\t\t\t\t<\/div>\n\t\t<\/section>\n\t\t\t\t<section class=\"elementor-section elementor-top-section elementor-element elementor-element-d21f938 elementor-section-boxed elementor-section-height-default elementor-section-height-default\" data-id=\"d21f938\" data-element_type=\"section\" data-e-type=\"section\">\n\t\t\t\t\t\t<div class=\"elementor-container elementor-column-gap-default\">\n\t\t\t\t\t<div class=\"elementor-column elementor-col-100 elementor-top-column elementor-element elementor-element-25722b5\" data-id=\"25722b5\" data-element_type=\"column\" data-e-type=\"column\">\n\t\t\t<div class=\"elementor-widget-wrap elementor-element-populated\">\n\t\t\t\t\t\t<div class=\"elementor-element elementor-element-5fdd014 elementor-widget elementor-widget-spacer\" data-id=\"5fdd014\" data-element_type=\"widget\" data-e-type=\"widget\" data-widget_type=\"spacer.default\">\n\t\t\t\t<div class=\"elementor-widget-container\">\n\t\t\t\t\t\t\t<div class=\"elementor-spacer\">\n\t\t\t<div class=\"elementor-spacer-inner\"><\/div>\n\t\t<\/div>\n\t\t\t\t\t\t<\/div>\n\t\t\t\t<\/div>\n\t\t\t\t\t<\/div>\n\t\t<\/div>\n\t\t\t\t\t<\/div>\n\t\t<\/section>\n\t\t\t\t<section class=\"elementor-section elementor-top-section elementor-element elementor-element-e63ab90 elementor-section-boxed elementor-section-height-default elementor-section-height-default\" data-id=\"e63ab90\" data-element_type=\"section\" data-e-type=\"section\">\n\t\t\t\t\t\t<div class=\"elementor-container elementor-column-gap-default\">\n\t\t\t\t\t<div class=\"elementor-column elementor-col-100 elementor-top-column elementor-element elementor-element-8150c84\" data-id=\"8150c84\" data-element_type=\"column\" data-e-type=\"column\" data-settings=\"{&quot;background_background&quot;:&quot;classic&quot;,&quot;animation&quot;:&quot;none&quot;}\">\n\t\t\t<div class=\"elementor-widget-wrap elementor-element-populated\">\n\t\t\t\t\t\t<div class=\"elementor-element elementor-element-2d8d389 elementor-widget elementor-widget-heading\" data-id=\"2d8d389\" data-element_type=\"widget\" data-e-type=\"widget\" data-widget_type=\"heading.default\">\n\t\t\t\t<div class=\"elementor-widget-container\">\n\t\t\t\t\t<h2 class=\"elementor-heading-title elementor-size-default\">El lema del ICOM\n<\/h2>\t\t\t\t<\/div>\n\t\t\t\t<\/div>\n\t\t\t\t\t<\/div>\n\t\t<\/div>\n\t\t\t\t\t<\/div>\n\t\t<\/section>\n\t\t\t\t<section class=\"elementor-section elementor-top-section elementor-element elementor-element-1f3717d elementor-section-boxed elementor-section-height-default elementor-section-height-default\" data-id=\"1f3717d\" data-element_type=\"section\" data-e-type=\"section\">\n\t\t\t\t\t\t<div class=\"elementor-container elementor-column-gap-default\">\n\t\t\t\t\t<div class=\"elementor-column elementor-col-100 elementor-top-column elementor-element elementor-element-4256ede\" data-id=\"4256ede\" data-element_type=\"column\" data-e-type=\"column\">\n\t\t\t<div class=\"elementor-widget-wrap elementor-element-populated\">\n\t\t\t\t\t\t<div class=\"elementor-element elementor-element-da02630 elementor-widget elementor-widget-spacer\" data-id=\"da02630\" data-element_type=\"widget\" data-e-type=\"widget\" data-widget_type=\"spacer.default\">\n\t\t\t\t<div class=\"elementor-widget-container\">\n\t\t\t\t\t\t\t<div class=\"elementor-spacer\">\n\t\t\t<div class=\"elementor-spacer-inner\"><\/div>\n\t\t<\/div>\n\t\t\t\t\t\t<\/div>\n\t\t\t\t<\/div>\n\t\t\t\t\t<\/div>\n\t\t<\/div>\n\t\t\t\t\t<\/div>\n\t\t<\/section>\n\t\t\t\t<section class=\"elementor-section elementor-top-section elementor-element elementor-element-6efbe98 elementor-section-boxed elementor-section-height-default elementor-section-height-default\" data-id=\"6efbe98\" data-element_type=\"section\" data-e-type=\"section\">\n\t\t\t\t\t\t<div class=\"elementor-container elementor-column-gap-default\">\n\t\t\t\t\t<div class=\"elementor-column elementor-col-100 elementor-top-column elementor-element elementor-element-12c894a\" data-id=\"12c894a\" data-element_type=\"column\" data-e-type=\"column\">\n\t\t\t<div class=\"elementor-widget-wrap elementor-element-populated\">\n\t\t\t\t\t\t<div class=\"elementor-element elementor-element-5bc7737 elementor-widget elementor-widget-text-editor\" data-id=\"5bc7737\" data-element_type=\"widget\" data-e-type=\"widget\" data-widget_type=\"text-editor.default\">\n\t\t\t\t<div class=\"elementor-widget-container\">\n\t\t\t\t\t\t\t\t\t<p>Este 2023 el ICOM propone celebrar el D\u00eda Internacional de los Museos con el lema &#039;<strong>Museos, sostenibilidad y bienestar<\/strong>&#8216;.<\/p><p>Los museos contribuyen fundamentalmente al bienestar y al desarrollo sostenible de nuestras comunidades. Como instituciones de confianza y con espacios de uni\u00f3n de nuestro tejido social, est\u00e1n en una posici\u00f3n \u00fanica para promover el cambio positivo. Los museos pueden contribuir de muchas formas a la consecuci\u00f3n de los Objetivos de Desarrollo Sostenible (ODS) de las Naciones Unidas: desde el apoyo a la acci\u00f3n clim\u00e1tica y el fomento de la inclusi\u00f3n, hasta la lucha contra el aislamiento social y la mejora de la salud mental.<\/p><p>Como se destaca en la Resoluci\u00f3n del ICOM \u201cSobre la sostenibilidad y la aplicaci\u00f3n de la Agenda 2030, Transformar nuestro mundo\u201d (Kyoto, 2019), todos los museos tienen un papel para impulsar la configuraci\u00f3n y la creaci\u00f3n de futuros sustentables, y pueden hacerlo a trav\u00e9s de programas educativos, exposiciones, actividades de divulgaci\u00f3n comunitaria e investigaci\u00f3n.<\/p><p>Cada a\u00f1o, desde 2020, el D\u00eda Internacional de los Museos apoya un conjunto de ODS. El DIM 2023 se centrar\u00e1 en:<\/p><ul><li><strong>Objetivo 3 Salud y bienestar mundial<\/strong>: Garantizar una vida sana y promover el bienestar para todas las personas y edades, en particular en lo que se refiere a la salud mental y el aislamiento social.<\/li><li><strong>Objetivo 13 Acci\u00f3n por el clima<\/strong>: Tomar medidas urgentes para combatir el cambio clim\u00e1tico y sus impactos, adoptando medidas de bajas emisiones en carbono en el Norte Global y estrategias de mitigaci\u00f3n en el Sur Global.<\/li><li><strong>Objetivo 15 La vida en la tierra:<\/strong>\u00a0Proteger, restaurar y promover el uso sostenible de los ecosistemas terrestres, amplificando las voces de los l\u00edderes ind\u00edgenas y concienciando sobre la p\u00e9rdida de biodiversidad.<\/li><\/ul>\t\t\t\t\t\t\t\t<\/div>\n\t\t\t\t<\/div>\n\t\t\t\t\t<\/div>\n\t\t<\/div>\n\t\t\t\t\t<\/div>\n\t\t<\/section>\n\t\t\t\t<\/div>","protected":false},"excerpt":{"rendered":"<p>13 de maig de 2023 La Nit dels Museus Us heu preguntat que fan els titelles per la nit? Dormen? Estan de festa? Surten a veure la lluna? Us convidem a descobrir-ho al Museu Internacional dels Titelles de Catalunya. Un any m\u00e9s, des del Departament de Cultura de la Generalitat es proposa al conjunt de [&hellip;]<\/p>\n","protected":false},"author":15,"featured_media":0,"parent":13169,"menu_order":0,"comment_status":"closed","ping_status":"closed","template":"elementor_header_footer","meta":{"footnotes":""},"class_list":["post-12431","page","type-page","status-publish","hentry"],"amp_enabled":false,"_links":{"self":[{"href":"https:\/\/www.museudetitelles.com\/es\/wp-json\/wp\/v2\/pages\/12431","targetHints":{"allow":["GET"]}}],"collection":[{"href":"https:\/\/www.museudetitelles.com\/es\/wp-json\/wp\/v2\/pages"}],"about":[{"href":"https:\/\/www.museudetitelles.com\/es\/wp-json\/wp\/v2\/types\/page"}],"author":[{"embeddable":true,"href":"https:\/\/www.museudetitelles.com\/es\/wp-json\/wp\/v2\/users\/15"}],"replies":[{"embeddable":true,"href":"https:\/\/www.museudetitelles.com\/es\/wp-json\/wp\/v2\/comments?post=12431"}],"version-history":[{"count":74,"href":"https:\/\/www.museudetitelles.com\/es\/wp-json\/wp\/v2\/pages\/12431\/revisions"}],"predecessor-version":[{"id":13350,"href":"https:\/\/www.museudetitelles.com\/es\/wp-json\/wp\/v2\/pages\/12431\/revisions\/13350"}],"up":[{"embeddable":true,"href":"https:\/\/www.museudetitelles.com\/es\/wp-json\/wp\/v2\/pages\/13169"}],"wp:attachment":[{"href":"https:\/\/www.museudetitelles.com\/es\/wp-json\/wp\/v2\/media?parent=12431"}],"curies":[{"name":"wp","href":"https:\/\/api.w.org\/{rel}","templated":true}]}}