{"id":13128,"date":"2023-09-11T08:47:05","date_gmt":"2023-09-11T06:47:05","guid":{"rendered":"https:\/\/www.museudetitelles.com\/?page_id=13128"},"modified":"2024-09-26T23:26:26","modified_gmt":"2024-09-26T21:26:26","slug":"activitats-al-museu-de-titelles","status":"publish","type":"page","link":"https:\/\/www.museudetitelles.com\/en\/activitats-al-museu-de-titelles\/","title":{"rendered":"EXPERIENCES"},"content":{"rendered":"<div data-elementor-type=\"wp-page\" data-elementor-id=\"13128\" class=\"elementor elementor-13128\" data-elementor-post-type=\"page\">\n\t\t\t\t\t\t<section class=\"elementor-section elementor-top-section elementor-element elementor-element-c0d1275 elementor-section-stretched elementor-section-boxed elementor-section-height-default elementor-section-height-default\" data-id=\"c0d1275\" data-element_type=\"section\" data-e-type=\"section\" data-settings=\"{&quot;stretch_section&quot;:&quot;section-stretched&quot;,&quot;background_background&quot;:&quot;classic&quot;}\">\n\t\t\t\t\t\t\t<div class=\"elementor-background-overlay\"><\/div>\n\t\t\t\t\t\t\t<div class=\"elementor-container elementor-column-gap-default\">\n\t\t\t\t\t<div class=\"elementor-column elementor-col-100 elementor-top-column elementor-element elementor-element-037a829\" data-id=\"037a829\" data-element_type=\"column\" data-e-type=\"column\">\n\t\t\t<div class=\"elementor-widget-wrap elementor-element-populated\">\n\t\t\t\t\t\t<section class=\"elementor-section elementor-inner-section elementor-element elementor-element-9b6e95c elementor-section-boxed elementor-section-height-default elementor-section-height-default\" data-id=\"9b6e95c\" data-element_type=\"section\" data-e-type=\"section\" data-settings=\"{&quot;background_background&quot;:&quot;classic&quot;}\">\n\t\t\t\t\t\t<div class=\"elementor-container elementor-column-gap-default\">\n\t\t\t\t\t<div class=\"elementor-column elementor-col-100 elementor-inner-column elementor-element elementor-element-8c3d61b\" data-id=\"8c3d61b\" data-element_type=\"column\" data-e-type=\"column\">\n\t\t\t<div class=\"elementor-widget-wrap\">\n\t\t\t\t\t\t\t<\/div>\n\t\t<\/div>\n\t\t\t\t\t<\/div>\n\t\t<\/section>\n\t\t\t\t<div class=\"elementor-element elementor-element-7c4237a elementor-widget elementor-widget-heading\" data-id=\"7c4237a\" data-element_type=\"widget\" data-e-type=\"widget\" data-settings=\"{&quot;_animation&quot;:&quot;none&quot;,&quot;_animation_delay&quot;:400}\" data-widget_type=\"heading.default\">\n\t\t\t\t<div class=\"elementor-widget-container\">\n\t\t\t\t\t<h2 class=\"elementor-heading-title elementor-size-default\">MEMORABLE EXPERIENCES<\/h2>\t\t\t\t<\/div>\n\t\t\t\t<\/div>\n\t\t\t\t<div class=\"elementor-element elementor-element-d41b489 elementor-widget elementor-widget-text-editor\" data-id=\"d41b489\" data-element_type=\"widget\" data-e-type=\"widget\" data-settings=\"{&quot;_animation&quot;:&quot;none&quot;,&quot;_animation_delay&quot;:500}\" data-widget_type=\"text-editor.default\">\n\t\t\t\t<div class=\"elementor-widget-container\">\n\t\t\t\t\t\t\t\t\t<h3>Come and enjoy the experiences that the museum offers you<\/h3>\t\t\t\t\t\t\t\t<\/div>\n\t\t\t\t<\/div>\n\t\t\t\t\t<\/div>\n\t\t<\/div>\n\t\t\t\t\t<\/div>\n\t\t<\/section>\n\t\t\t\t<section class=\"elementor-section elementor-top-section elementor-element elementor-element-a186f9e elementor-section-boxed elementor-section-height-default elementor-section-height-default\" data-id=\"a186f9e\" data-element_type=\"section\" data-e-type=\"section\">\n\t\t\t\t\t\t<div class=\"elementor-container elementor-column-gap-default\">\n\t\t\t\t\t<div class=\"elementor-column elementor-col-100 elementor-top-column elementor-element elementor-element-09610c0\" data-id=\"09610c0\" data-element_type=\"column\" data-e-type=\"column\">\n\t\t\t<div class=\"elementor-widget-wrap elementor-element-populated\">\n\t\t\t\t\t\t<div class=\"elementor-element elementor-element-e4a8c7b elementor-widget elementor-widget-spacer\" data-id=\"e4a8c7b\" data-element_type=\"widget\" data-e-type=\"widget\" data-widget_type=\"spacer.default\">\n\t\t\t\t<div class=\"elementor-widget-container\">\n\t\t\t\t\t\t\t<div class=\"elementor-spacer\">\n\t\t\t<div class=\"elementor-spacer-inner\"><\/div>\n\t\t<\/div>\n\t\t\t\t\t\t<\/div>\n\t\t\t\t<\/div>\n\t\t\t\t\t<\/div>\n\t\t<\/div>\n\t\t\t\t\t<\/div>\n\t\t<\/section>\n\t\t\t\t<section class=\"elementor-section elementor-top-section elementor-element elementor-element-6fd48bc elementor-section-boxed elementor-section-height-default elementor-section-height-default\" data-id=\"6fd48bc\" data-element_type=\"section\" data-e-type=\"section\">\n\t\t\t\t\t\t<div class=\"elementor-container elementor-column-gap-extended\">\n\t\t\t\t\t<div class=\"elementor-column elementor-col-33 elementor-top-column elementor-element elementor-element-e4354b5\" data-id=\"e4354b5\" data-element_type=\"column\" data-e-type=\"column\">\n\t\t\t<div class=\"elementor-widget-wrap elementor-element-populated\">\n\t\t\t\t\t\t<div class=\"elementor-element elementor-element-c538658 elementor-widget elementor-widget-image\" data-id=\"c538658\" data-element_type=\"widget\" data-e-type=\"widget\" data-widget_type=\"image.default\">\n\t\t\t\t<div class=\"elementor-widget-container\">\n\t\t\t\t\t\t\t\t\t\t\t\t\t\t\t\t<a href=\"https:\/\/bit.ly\/468bmYq\" target=\"_blank\" rel=\"noopener\">\n\t\t\t\t\t\t\t<img fetchpriority=\"high\" decoding=\"async\" width=\"500\" height=\"500\" src=\"https:\/\/www.museudetitelles.com\/wp-content\/uploads\/2023\/09\/PORPERES-ACTIVITATS-MUSEU-DE-TITELLES.jpg\" class=\"elementor-animation-shrink attachment-full size-full wp-image-13159\" alt=\"\" srcset=\"https:\/\/www.museudetitelles.com\/wp-content\/uploads\/2023\/09\/PORPERES-ACTIVITATS-MUSEU-DE-TITELLES.jpg 500w, https:\/\/www.museudetitelles.com\/wp-content\/uploads\/2023\/09\/PORPERES-ACTIVITATS-MUSEU-DE-TITELLES-300x300.jpg 300w, https:\/\/www.museudetitelles.com\/wp-content\/uploads\/2023\/09\/PORPERES-ACTIVITATS-MUSEU-DE-TITELLES-150x150.jpg 150w, https:\/\/www.museudetitelles.com\/wp-content\/uploads\/2023\/09\/PORPERES-ACTIVITATS-MUSEU-DE-TITELLES-12x12.jpg 12w, https:\/\/www.museudetitelles.com\/wp-content\/uploads\/2023\/09\/PORPERES-ACTIVITATS-MUSEU-DE-TITELLES-250x250.jpg 250w\" sizes=\"(max-width: 500px) 100vw, 500px\">\t\t\t\t\t\t\t\t<\/a>\n\t\t\t\t\t\t\t\t\t\t\t\t\t\t\t<\/div>\n\t\t\t\t<\/div>\n\t\t\t\t<div class=\"elementor-element elementor-element-e357458 elementor-widget elementor-widget-heading\" data-id=\"e357458\" data-element_type=\"widget\" data-e-type=\"widget\" data-widget_type=\"heading.default\">\n\t\t\t\t<div class=\"elementor-widget-container\">\n\t\t\t\t\t<h2 class=\"elementor-heading-title elementor-size-default\"><a href=\"https:\/\/bit.ly\/468bmYq\" target=\"_blank\" rel=\"noopener\">UPCOMING EXPERIENCES<\/a><\/h2>\t\t\t\t<\/div>\n\t\t\t\t<\/div>\n\t\t\t\t<div class=\"elementor-element elementor-element-cd0295d elementor-widget elementor-widget-text-editor\" data-id=\"cd0295d\" data-element_type=\"widget\" data-e-type=\"widget\" data-widget_type=\"text-editor.default\">\n\t\t\t\t<div class=\"elementor-widget-container\">\n\t\t\t\t\t\t\t\t\t<p>Performances, commemorative parties and experiences that you can enjoy at the museum<\/p>\t\t\t\t\t\t\t\t<\/div>\n\t\t\t\t<\/div>\n\t\t\t\t\t<\/div>\n\t\t<\/div>\n\t\t\t\t<div class=\"elementor-column elementor-col-33 elementor-top-column elementor-element elementor-element-e46da8c\" data-id=\"e46da8c\" data-element_type=\"column\" data-e-type=\"column\">\n\t\t\t<div class=\"elementor-widget-wrap elementor-element-populated\">\n\t\t\t\t\t\t<div class=\"elementor-element elementor-element-92dfea3 elementor-widget elementor-widget-image\" data-id=\"92dfea3\" data-element_type=\"widget\" data-e-type=\"widget\" data-widget_type=\"image.default\">\n\t\t\t\t<div class=\"elementor-widget-container\">\n\t\t\t\t\t\t\t\t\t\t\t\t\t\t\t\t<a href=\"https:\/\/bit.ly\/463X9eT\" target=\"_blank\" rel=\"noopener\">\n\t\t\t\t\t\t\t<img decoding=\"async\" width=\"500\" height=\"500\" src=\"https:\/\/www.museudetitelles.com\/wp-content\/uploads\/2023\/09\/FORMACIO-MUSEU-DE-TITELLES.jpg\" class=\"elementor-animation-shrink attachment-full size-full wp-image-13160\" alt=\"FORMACIO\u0301 MUSEU DE TITELLES\" srcset=\"https:\/\/www.museudetitelles.com\/wp-content\/uploads\/2023\/09\/FORMACIO-MUSEU-DE-TITELLES.jpg 500w, https:\/\/www.museudetitelles.com\/wp-content\/uploads\/2023\/09\/FORMACIO-MUSEU-DE-TITELLES-300x300.jpg 300w, https:\/\/www.museudetitelles.com\/wp-content\/uploads\/2023\/09\/FORMACIO-MUSEU-DE-TITELLES-150x150.jpg 150w, https:\/\/www.museudetitelles.com\/wp-content\/uploads\/2023\/09\/FORMACIO-MUSEU-DE-TITELLES-12x12.jpg 12w, https:\/\/www.museudetitelles.com\/wp-content\/uploads\/2023\/09\/FORMACIO-MUSEU-DE-TITELLES-250x250.jpg 250w\" sizes=\"(max-width: 500px) 100vw, 500px\" \/>\t\t\t\t\t\t\t\t<\/a>\n\t\t\t\t\t\t\t\t\t\t\t\t\t\t\t<\/div>\n\t\t\t\t<\/div>\n\t\t\t\t<div class=\"elementor-element elementor-element-85ec2be elementor-widget elementor-widget-heading\" data-id=\"85ec2be\" data-element_type=\"widget\" data-e-type=\"widget\" data-widget_type=\"heading.default\">\n\t\t\t\t<div class=\"elementor-widget-container\">\n\t\t\t\t\t<h2 class=\"elementor-heading-title elementor-size-default\"><a href=\"https:\/\/bit.ly\/463X9eT\" target=\"_blank\" rel=\"noopener\">UPCOMING TRAININGS<\/a><\/h2>\t\t\t\t<\/div>\n\t\t\t\t<\/div>\n\t\t\t\t<div class=\"elementor-element elementor-element-59ec8a9 elementor-widget elementor-widget-text-editor\" data-id=\"59ec8a9\" data-element_type=\"widget\" data-e-type=\"widget\" data-widget_type=\"text-editor.default\">\n\t\t\t\t<div class=\"elementor-widget-container\">\n\t\t\t\t\t\t\t\t\t<p>Workshops, conferences, days and everything the museum can offer to learn about the world of puppets and the performing arts<\/p>\t\t\t\t\t\t\t\t<\/div>\n\t\t\t\t<\/div>\n\t\t\t\t\t<\/div>\n\t\t<\/div>\n\t\t\t\t<div class=\"elementor-column elementor-col-33 elementor-top-column elementor-element elementor-element-229adbb\" data-id=\"229adbb\" data-element_type=\"column\" data-e-type=\"column\">\n\t\t\t<div class=\"elementor-widget-wrap elementor-element-populated\">\n\t\t\t\t\t\t<div class=\"elementor-element elementor-element-2c71acc elementor-widget elementor-widget-image\" data-id=\"2c71acc\" data-element_type=\"widget\" data-e-type=\"widget\" data-widget_type=\"image.default\">\n\t\t\t\t<div class=\"elementor-widget-container\">\n\t\t\t\t\t\t\t\t\t\t\t\t\t\t\t\t<a href=\"https:\/\/bit.ly\/45GtrwJ\" target=\"_blank\" rel=\"noopener\">\n\t\t\t\t\t\t\t<img decoding=\"async\" width=\"500\" height=\"500\" src=\"https:\/\/www.museudetitelles.com\/wp-content\/uploads\/2023\/09\/exposicions-temporals-museu-de-titelles.jpg\" class=\"elementor-animation-shrink attachment-full size-full wp-image-13547\" alt=\"exposicions temporals museu de titelles\" srcset=\"https:\/\/www.museudetitelles.com\/wp-content\/uploads\/2023\/09\/exposicions-temporals-museu-de-titelles.jpg 500w, https:\/\/www.museudetitelles.com\/wp-content\/uploads\/2023\/09\/exposicions-temporals-museu-de-titelles-300x300.jpg 300w, https:\/\/www.museudetitelles.com\/wp-content\/uploads\/2023\/09\/exposicions-temporals-museu-de-titelles-150x150.jpg 150w, https:\/\/www.museudetitelles.com\/wp-content\/uploads\/2023\/09\/exposicions-temporals-museu-de-titelles-12x12.jpg 12w, https:\/\/www.museudetitelles.com\/wp-content\/uploads\/2023\/09\/exposicions-temporals-museu-de-titelles-250x250.jpg 250w\" sizes=\"(max-width: 500px) 100vw, 500px\" \/>\t\t\t\t\t\t\t\t<\/a>\n\t\t\t\t\t\t\t\t\t\t\t\t\t\t\t<\/div>\n\t\t\t\t<\/div>\n\t\t\t\t<div class=\"elementor-element elementor-element-8a5ecb0 elementor-widget elementor-widget-heading\" data-id=\"8a5ecb0\" data-element_type=\"widget\" data-e-type=\"widget\" data-widget_type=\"heading.default\">\n\t\t\t\t<div class=\"elementor-widget-container\">\n\t\t\t\t\t<h2 class=\"elementor-heading-title elementor-size-default\"><a href=\"https:\/\/bit.ly\/45GtrwJ\" target=\"_blank\" rel=\"noopener\">TEMPORARY EXHIBITIONS<\/a><\/h2>\t\t\t\t<\/div>\n\t\t\t\t<\/div>\n\t\t\t\t<div class=\"elementor-element elementor-element-adca6c1 elementor-widget elementor-widget-text-editor\" data-id=\"adca6c1\" data-element_type=\"widget\" data-e-type=\"widget\" data-widget_type=\"text-editor.default\">\n\t\t\t\t<div class=\"elementor-widget-container\">\n\t\t\t\t\t\t\t\t\t<p>Transitory exhibition ideas or arguments about all types of art, which are exhibited in the KITCHEN ROOM. They are creative ingredients that make up artistic diversity from antiquity to the present<\/p>\t\t\t\t\t\t\t\t<\/div>\n\t\t\t\t<\/div>\n\t\t\t\t\t<\/div>\n\t\t<\/div>\n\t\t\t\t\t<\/div>\n\t\t<\/section>\n\t\t\t\t<section class=\"elementor-section elementor-top-section elementor-element elementor-element-2fc37b3 elementor-section-boxed elementor-section-height-default elementor-section-height-default\" data-id=\"2fc37b3\" data-element_type=\"section\" data-e-type=\"section\">\n\t\t\t\t\t\t<div class=\"elementor-container elementor-column-gap-extended\">\n\t\t\t\t\t<div class=\"elementor-column elementor-col-33 elementor-top-column elementor-element elementor-element-eeaa383\" data-id=\"eeaa383\" data-element_type=\"column\" data-e-type=\"column\">\n\t\t\t<div class=\"elementor-widget-wrap elementor-element-populated\">\n\t\t\t\t\t\t<div class=\"elementor-element elementor-element-25b7f81 elementor-widget elementor-widget-image\" data-id=\"25b7f81\" data-element_type=\"widget\" data-e-type=\"widget\" data-widget_type=\"image.default\">\n\t\t\t\t<div class=\"elementor-widget-container\">\n\t\t\t\t\t\t\t\t\t\t\t\t\t\t\t\t<a href=\"https:\/\/bit.ly\/45NmQR1\" target=\"_blank\" rel=\"noopener\">\n\t\t\t\t\t\t\t<img loading=\"lazy\" decoding=\"async\" width=\"500\" height=\"500\" src=\"https:\/\/www.museudetitelles.com\/wp-content\/uploads\/2023\/09\/residencies-al-museu-de-titelles.jpg\" class=\"elementor-animation-shrink attachment-full size-full wp-image-13161\" alt=\"hist\u00f2ric d\u00b4activitats al museu de titelles\" srcset=\"https:\/\/www.museudetitelles.com\/wp-content\/uploads\/2023\/09\/residencies-al-museu-de-titelles.jpg 500w, https:\/\/www.museudetitelles.com\/wp-content\/uploads\/2023\/09\/residencies-al-museu-de-titelles-300x300.jpg 300w, https:\/\/www.museudetitelles.com\/wp-content\/uploads\/2023\/09\/residencies-al-museu-de-titelles-150x150.jpg 150w, https:\/\/www.museudetitelles.com\/wp-content\/uploads\/2023\/09\/residencies-al-museu-de-titelles-12x12.jpg 12w, https:\/\/www.museudetitelles.com\/wp-content\/uploads\/2023\/09\/residencies-al-museu-de-titelles-250x250.jpg 250w\" sizes=\"(max-width: 500px) 100vw, 500px\" \/>\t\t\t\t\t\t\t\t<\/a>\n\t\t\t\t\t\t\t\t\t\t\t\t\t\t\t<\/div>\n\t\t\t\t<\/div>\n\t\t\t\t<div class=\"elementor-element elementor-element-cf6a0c0 elementor-widget elementor-widget-heading\" data-id=\"cf6a0c0\" data-element_type=\"widget\" data-e-type=\"widget\" data-widget_type=\"heading.default\">\n\t\t\t\t<div class=\"elementor-widget-container\">\n\t\t\t\t\t<h2 class=\"elementor-heading-title elementor-size-default\"><a href=\"https:\/\/bit.ly\/45NmQR1\" target=\"_blank\" rel=\"noopener\">A THOUSAND STORIES<\/a><\/h2>\t\t\t\t<\/div>\n\t\t\t\t<\/div>\n\t\t\t\t<div class=\"elementor-element elementor-element-0657e3d elementor-widget elementor-widget-text-editor\" data-id=\"0657e3d\" data-element_type=\"widget\" data-e-type=\"widget\" data-widget_type=\"text-editor.default\">\n\t\t\t\t<div class=\"elementor-widget-container\">\n\t\t\t\t\t\t\t\t\t<p>Here you can consult the activities carried out at MIT\u00a0<\/p>\t\t\t\t\t\t\t\t<\/div>\n\t\t\t\t<\/div>\n\t\t\t\t\t<\/div>\n\t\t<\/div>\n\t\t\t\t<div class=\"elementor-column elementor-col-33 elementor-top-column elementor-element elementor-element-b6b9c29\" data-id=\"b6b9c29\" data-element_type=\"column\" data-e-type=\"column\">\n\t\t\t<div class=\"elementor-widget-wrap elementor-element-populated\">\n\t\t\t\t\t\t<div class=\"elementor-element elementor-element-cb1b62a elementor-widget elementor-widget-image\" data-id=\"cb1b62a\" data-element_type=\"widget\" data-e-type=\"widget\" data-widget_type=\"image.default\">\n\t\t\t\t<div class=\"elementor-widget-container\">\n\t\t\t\t\t\t\t\t\t\t\t\t\t\t\t\t<a href=\"https:\/\/bit.ly\/3xvA4Te\" target=\"_blank\" rel=\"noopener\">\n\t\t\t\t\t\t\t<img loading=\"lazy\" decoding=\"async\" width=\"500\" height=\"500\" src=\"https:\/\/www.museudetitelles.com\/wp-content\/uploads\/2023\/09\/lloguer-d\u00b4espais-al-museu-de-titelles.jpg\" class=\"elementor-animation-shrink attachment-full size-full wp-image-13163\" alt=\"\" srcset=\"https:\/\/www.museudetitelles.com\/wp-content\/uploads\/2023\/09\/lloguer-d\u00b4espais-al-museu-de-titelles.jpg 500w, https:\/\/www.museudetitelles.com\/wp-content\/uploads\/2023\/09\/lloguer-d\u00b4espais-al-museu-de-titelles-300x300.jpg 300w, https:\/\/www.museudetitelles.com\/wp-content\/uploads\/2023\/09\/lloguer-d\u00b4espais-al-museu-de-titelles-150x150.jpg 150w, https:\/\/www.museudetitelles.com\/wp-content\/uploads\/2023\/09\/lloguer-d\u00b4espais-al-museu-de-titelles-12x12.jpg 12w, https:\/\/www.museudetitelles.com\/wp-content\/uploads\/2023\/09\/lloguer-d\u00b4espais-al-museu-de-titelles-250x250.jpg 250w\" sizes=\"(max-width: 500px) 100vw, 500px\">\t\t\t\t\t\t\t\t<\/a>\n\t\t\t\t\t\t\t\t\t\t\t\t\t\t\t<\/div>\n\t\t\t\t<\/div>\n\t\t\t\t<div class=\"elementor-element elementor-element-a8f5afa elementor-widget elementor-widget-heading\" data-id=\"a8f5afa\" data-element_type=\"widget\" data-e-type=\"widget\" data-widget_type=\"heading.default\">\n\t\t\t\t<div class=\"elementor-widget-container\">\n\t\t\t\t\t<h2 class=\"elementor-heading-title elementor-size-default\"><a href=\"https:\/\/bit.ly\/3xvA4Te\" target=\"_blank\" rel=\"noopener\">SPACES AVAILABLE<\/a><\/h2>\t\t\t\t<\/div>\n\t\t\t\t<\/div>\n\t\t\t\t<div class=\"elementor-element elementor-element-e1ec5b0 elementor-widget elementor-widget-text-editor\" data-id=\"e1ec5b0\" data-element_type=\"widget\" data-e-type=\"widget\" data-widget_type=\"text-editor.default\">\n\t\t\t\t<div class=\"elementor-widget-container\">\n\t\t\t\t\t\t\t\t\t<p>The MIT is available to companies and entities to hold corporate events, press conferences, conferences, exhibitions, meetings, filming, presentations... You can arrange a visit to find out if the place is suitable for your activities<\/p>\t\t\t\t\t\t\t\t<\/div>\n\t\t\t\t<\/div>\n\t\t\t\t\t<\/div>\n\t\t<\/div>\n\t\t\t\t<div class=\"elementor-column elementor-col-33 elementor-top-column elementor-element elementor-element-2c29d7e\" data-id=\"2c29d7e\" data-element_type=\"column\" data-e-type=\"column\">\n\t\t\t<div class=\"elementor-widget-wrap elementor-element-populated\">\n\t\t\t\t\t\t<div class=\"elementor-element elementor-element-7545e00 elementor-widget elementor-widget-image\" data-id=\"7545e00\" data-element_type=\"widget\" data-e-type=\"widget\" data-widget_type=\"image.default\">\n\t\t\t\t<div class=\"elementor-widget-container\">\n\t\t\t\t\t\t\t\t\t\t\t\t\t\t\t\t<a href=\"https:\/\/bit.ly\/3K1swPv\" target=\"_blank\" rel=\"noopener\">\n\t\t\t\t\t\t\t<img loading=\"lazy\" decoding=\"async\" width=\"500\" height=\"500\" src=\"https:\/\/www.museudetitelles.com\/wp-content\/uploads\/2023\/09\/residencies-artistiques-al-museu-de-titelles.jpg\" class=\"elementor-animation-shrink attachment-full size-full wp-image-13162\" alt=\"residencies arti\u0301stiques al museu de titelles\" srcset=\"https:\/\/www.museudetitelles.com\/wp-content\/uploads\/2023\/09\/residencies-artistiques-al-museu-de-titelles.jpg 500w, https:\/\/www.museudetitelles.com\/wp-content\/uploads\/2023\/09\/residencies-artistiques-al-museu-de-titelles-300x300.jpg 300w, https:\/\/www.museudetitelles.com\/wp-content\/uploads\/2023\/09\/residencies-artistiques-al-museu-de-titelles-150x150.jpg 150w, https:\/\/www.museudetitelles.com\/wp-content\/uploads\/2023\/09\/residencies-artistiques-al-museu-de-titelles-12x12.jpg 12w, https:\/\/www.museudetitelles.com\/wp-content\/uploads\/2023\/09\/residencies-artistiques-al-museu-de-titelles-250x250.jpg 250w\" sizes=\"(max-width: 500px) 100vw, 500px\" \/>\t\t\t\t\t\t\t\t<\/a>\n\t\t\t\t\t\t\t\t\t\t\t\t\t\t\t<\/div>\n\t\t\t\t<\/div>\n\t\t\t\t<div class=\"elementor-element elementor-element-318bead elementor-widget elementor-widget-heading\" data-id=\"318bead\" data-element_type=\"widget\" data-e-type=\"widget\" data-widget_type=\"heading.default\">\n\t\t\t\t<div class=\"elementor-widget-container\">\n\t\t\t\t\t<h2 class=\"elementor-heading-title elementor-size-default\"><a href=\"https:\/\/bit.ly\/3K1swPv\" target=\"_blank\" rel=\"noopener\">RESIDENCES<\/a><\/h2>\t\t\t\t<\/div>\n\t\t\t\t<\/div>\n\t\t\t\t<div class=\"elementor-element elementor-element-c44d8d0 elementor-widget elementor-widget-text-editor\" data-id=\"c44d8d0\" data-element_type=\"widget\" data-e-type=\"widget\" data-widget_type=\"text-editor.default\">\n\t\t\t\t<div class=\"elementor-widget-container\">\n\t\t\t\t\t\t\t\t\t<p>The museum supports creative and research residencies by companies or individuals. Enter the modality that interests you and present your project until November 19, 2023<\/p>\t\t\t\t\t\t\t\t<\/div>\n\t\t\t\t<\/div>\n\t\t\t\t\t<\/div>\n\t\t<\/div>\n\t\t\t\t\t<\/div>\n\t\t<\/section>\n\t\t\t\t<\/div>","protected":false},"excerpt":{"rendered":"<p>VIV\u00c8NCIES MEMORABLES Vine a gaudir de les experi\u00e8ncies que t\u2019ofereix el museu PROPERES EXPERI\u00c8NCIES Actuacions, festes commemoratives i viv\u00e8ncies que pots gaudir al museu PROPERES FORMACIONS Tallers, confer\u00e8ncies, jornades i tot el que pot oferir el museu per aprendre del m\u00f3n dels titelles i de les arts esc\u00e8niques EXPOSICIONS TEMPORALS Idees o arguments expositius transitoris [&hellip;]<\/p>\n","protected":false},"author":15,"featured_media":0,"parent":0,"menu_order":0,"comment_status":"closed","ping_status":"closed","template":"elementor_header_footer","meta":{"footnotes":""},"class_list":["post-13128","page","type-page","status-publish","hentry"],"amp_enabled":false,"_links":{"self":[{"href":"https:\/\/www.museudetitelles.com\/en\/wp-json\/wp\/v2\/pages\/13128","targetHints":{"allow":["GET"]}}],"collection":[{"href":"https:\/\/www.museudetitelles.com\/en\/wp-json\/wp\/v2\/pages"}],"about":[{"href":"https:\/\/www.museudetitelles.com\/en\/wp-json\/wp\/v2\/types\/page"}],"author":[{"embeddable":true,"href":"https:\/\/www.museudetitelles.com\/en\/wp-json\/wp\/v2\/users\/15"}],"replies":[{"embeddable":true,"href":"https:\/\/www.museudetitelles.com\/en\/wp-json\/wp\/v2\/comments?post=13128"}],"version-history":[{"count":94,"href":"https:\/\/www.museudetitelles.com\/en\/wp-json\/wp\/v2\/pages\/13128\/revisions"}],"predecessor-version":[{"id":15182,"href":"https:\/\/www.museudetitelles.com\/en\/wp-json\/wp\/v2\/pages\/13128\/revisions\/15182"}],"wp:attachment":[{"href":"https:\/\/www.museudetitelles.com\/en\/wp-json\/wp\/v2\/media?parent=13128"}],"curies":[{"name":"wp","href":"https:\/\/api.w.org\/{rel}","templated":true}]}}